{"id":7022,"date":"2023-10-23T09:35:49","date_gmt":"2023-10-23T09:35:49","guid":{"rendered":"https:\/\/visualbit.pt\/?post_type=product&#038;p=7022"},"modified":"2023-10-23T16:12:19","modified_gmt":"2023-10-23T16:12:19","slug":"terminal-dt50","status":"publish","type":"product","link":"https:\/\/visualbit.pt\/en\/produto\/terminal-dt50\/","title":{"rendered":"Terminal DT50"},"content":{"rendered":"<p class=\"qtranxs-available-languages-message qtranxs-available-languages-message-en\">Sorry, this entry is only available in <a href=\"https:\/\/visualbit.pt\/pt\/wp-json\/wp\/v2\/product\/7022\" class=\"qtranxs-available-language-link qtranxs-available-language-link-pt\" title=\"PT\">PT<\/a>.<\/p>","protected":false},"excerpt":{"rendered":"<p class=\"qtranxs-available-languages-message qtranxs-available-languages-message-en\">Sorry, this entry is only available in <a href=\"https:\/\/visualbit.pt\/pt\/wp-json\/wp\/v2\/product\/7022\" class=\"qtranxs-available-language-link qtranxs-available-language-link-pt\" title=\"PT\">PT<\/a>.<\/p>\n","protected":false},"featured_media":7023,"template":"","meta":{"_exactmetrics_skip_tracking":false,"_exactmetrics_sitenote_active":false,"_exactmetrics_sitenote_note":"","_exactmetrics_sitenote_category":0,"_themeisle_gutenberg_block_has_review":false},"product_cat":[64],"product_tag":[],"class_list":{"0":"post-7022","1":"product","2":"type-product","3":"status-publish","4":"has-post-thumbnail","6":"product_cat-pda","8":"first","9":"onbackorder","10":"shipping-taxable","11":"product-type-simple"},"yoast_head":"<!-- This site is optimized with the Yoast SEO plugin v22.2 - https:\/\/yoast.com\/wordpress\/plugins\/seo\/ -->\n<title>Terminal DT50 - Visualbit<\/title>\n<meta name=\"description\" content=\"O DT50 \u00e9 top de gama do portef\u00f3lio empresarial da Urovo, repleto de recursos de ponta, incluindo um poderoso processador, um ecr\u00e3 de 5,7\u201d, l\u00edder de classe.\" \/>\n<meta name=\"robots\" content=\"index, follow, max-snippet:-1, max-image-preview:large, max-video-preview:-1\" \/>\n<link rel=\"canonical\" href=\"https:\/\/visualbit.pt\/en\/produto\/terminal-dt50\/\" \/>\n<meta property=\"og:locale\" content=\"en_US\" \/>\n<meta property=\"og:type\" content=\"article\" \/>\n<meta property=\"og:title\" content=\"Terminal DT50 - Visualbit\" \/>\n<meta property=\"og:description\" content=\"O DT50 \u00e9 top de gama do portef\u00f3lio empresarial da Urovo, repleto de recursos de ponta, incluindo um poderoso processador, um ecr\u00e3 de 5,7\u201d, l\u00edder de classe.\" \/>\n<meta property=\"og:url\" content=\"https:\/\/visualbit.pt\/en\/produto\/terminal-dt50\/\" \/>\n<meta property=\"og:site_name\" content=\"Visualbit\" \/>\n<meta property=\"article:publisher\" content=\"https:\/\/www.facebook.com\/visualbitlda\" \/>\n<meta property=\"article:modified_time\" content=\"2023-10-23T16:12:19+00:00\" \/>\n<meta property=\"og:image\" content=\"https:\/\/visualbit.pt\/wp-content\/uploads\/2023\/10\/urovo_dt50.png\" \/>\n\t<meta property=\"og:image:width\" content=\"998\" \/>\n\t<meta property=\"og:image:height\" content=\"915\" \/>\n\t<meta property=\"og:image:type\" content=\"image\/png\" \/>\n<meta name=\"twitter:card\" content=\"summary_large_image\" \/>\n<meta name=\"twitter:site\" content=\"@VisualbitLda\" \/>\n<meta name=\"twitter:label1\" content=\"Est. reading time\" \/>\n\t<meta name=\"twitter:data1\" content=\"1 minute\" \/>\n<script type=\"application\/ld+json\" class=\"yoast-schema-graph\">{\"@context\":\"https:\/\/schema.org\",\"@graph\":[{\"@type\":\"WebPage\",\"@id\":\"https:\/\/visualbit.pt\/en\/produto\/terminal-dt50\/\",\"url\":\"https:\/\/visualbit.pt\/en\/produto\/terminal-dt50\/\",\"name\":\"Terminal DT50 - Visualbit\",\"isPartOf\":{\"@id\":\"https:\/\/visualbit.pt\/en\/#website\"},\"primaryImageOfPage\":{\"@id\":\"https:\/\/visualbit.pt\/en\/produto\/terminal-dt50\/#primaryimage\"},\"image\":{\"@id\":\"https:\/\/visualbit.pt\/produto\/terminal-dt50\/#primaryimage\"},\"thumbnailUrl\":\"https:\/\/visualbit.pt\/wp-content\/uploads\/2023\/10\/urovo_dt50.png\",\"datePublished\":\"2023-10-23T09:35:49+00:00\",\"dateModified\":\"2023-10-23T16:12:19+00:00\",\"description\":\"O DT50 \u00e9 top de gama do portef\u00f3lio empresarial da Urovo, repleto de recursos de ponta, incluindo um poderoso processador, um ecr\u00e3 de 5,7\u201d, l\u00edder de classe.\",\"breadcrumb\":{\"@id\":\"https:\/\/visualbit.pt\/en\/produto\/terminal-dt50\/#breadcrumb\"},\"inLanguage\":\"en-US\",\"potentialAction\":[{\"@type\":\"ReadAction\",\"target\":[[\"https:\/\/visualbit.pt\/en\/produto\/terminal-dt50\/\"]]}]},{\"@type\":\"ImageObject\",\"inLanguage\":\"en-US\",\"@id\":\"https:\/\/visualbit.pt\/en\/produto\/terminal-dt50\/#primaryimage\",\"url\":\"https:\/\/visualbit.pt\/wp-content\/uploads\/2023\/10\/urovo_dt50.png\",\"contentUrl\":\"https:\/\/visualbit.pt\/wp-content\/uploads\/2023\/10\/urovo_dt50.png\",\"width\":998,\"height\":915,\"caption\":\"Urovo DT50\"},{\"@type\":\"BreadcrumbList\",\"@id\":\"https:\/\/visualbit.pt\/en\/produto\/terminal-dt50\/#breadcrumb\",\"itemListElement\":[{\"@type\":\"ListItem\",\"position\":1,\"name\":\"In\u00edcio\",\"item\":\"https:\/\/visualbit.pt\/en\/\"},{\"@type\":\"ListItem\",\"position\":2,\"name\":\"Loja\",\"item\":\"https:\/\/visualbit.pt\/en\/loja\/\"},{\"@type\":\"ListItem\",\"position\":3,\"name\":\"Terminal DT50\"}]},{\"@type\":\"WebSite\",\"@id\":\"https:\/\/visualbit.pt\/en\/#website\",\"url\":\"https:\/\/visualbit.pt\/en\/\",\"name\":\"Visualbit\",\"description\":\"Sistemas Inform&aacute;ticos\",\"publisher\":{\"@id\":\"https:\/\/visualbit.pt\/en\/#organization\"},\"potentialAction\":[{\"@type\":\"SearchAction\",\"target\":{\"@type\":\"EntryPoint\",\"urlTemplate\":\"https:\/\/visualbit.pt\/en\/?s={search_term_string}\"},\"query-input\":\"required name=search_term_string\"}],\"inLanguage\":\"en-US\"},{\"@type\":\"Organization\",\"@id\":\"https:\/\/visualbit.pt\/en\/#organization\",\"name\":\"Visualbit\",\"url\":\"https:\/\/visualbit.pt\/en\/\",\"logo\":{\"@type\":\"ImageObject\",\"inLanguage\":\"en-US\",\"@id\":\"https:\/\/visualbit.pt\/en\/#\/schema\/logo\/image\/\",\"url\":\"https:\/\/visualbit.pt\/wp-content\/uploads\/2023\/10\/Logo-Visualbit.png\",\"contentUrl\":\"https:\/\/visualbit.pt\/wp-content\/uploads\/2023\/10\/Logo-Visualbit.png\",\"width\":1407,\"height\":630,\"caption\":\"Visualbit\"},\"image\":{\"@id\":\"https:\/\/visualbit.pt\/en\/#\/schema\/logo\/image\/\"},\"sameAs\":[\"https:\/\/www.facebook.com\/visualbitlda\",\"https:\/\/twitter.com\/VisualbitLda\",\"https:\/\/pt.linkedin.com\/in\/renato-martins-48454b56\"]}]}<\/script>\n<!-- \/ Yoast SEO plugin. -->","yoast_head_json":{"title":"Terminal DT50 - Visualbit","description":"O DT50 \u00e9 top de gama do portef\u00f3lio empresarial da Urovo, repleto de recursos de ponta, incluindo um poderoso processador, um ecr\u00e3 de 5,7\u201d, l\u00edder de classe.","robots":{"index":"index","follow":"follow","max-snippet":"max-snippet:-1","max-image-preview":"max-image-preview:large","max-video-preview":"max-video-preview:-1"},"canonical":"https:\/\/visualbit.pt\/en\/produto\/terminal-dt50\/","og_locale":"en_US","og_type":"article","og_title":"Terminal DT50 - Visualbit","og_description":"O DT50 \u00e9 top de gama do portef\u00f3lio empresarial da Urovo, repleto de recursos de ponta, incluindo um poderoso processador, um ecr\u00e3 de 5,7\u201d, l\u00edder de classe.","og_url":"https:\/\/visualbit.pt\/en\/produto\/terminal-dt50\/","og_site_name":"Visualbit","article_publisher":"https:\/\/www.facebook.com\/visualbitlda","article_modified_time":"2023-10-23T16:12:19+00:00","og_image":[{"width":998,"height":915,"url":"https:\/\/visualbit.pt\/wp-content\/uploads\/2023\/10\/urovo_dt50.png","type":"image\/png"}],"twitter_card":"summary_large_image","twitter_site":"@VisualbitLda","twitter_misc":{"Est. reading time":"1 minute"},"schema":{"@context":"https:\/\/schema.org","@graph":[{"@type":"WebPage","@id":"https:\/\/visualbit.pt\/en\/produto\/terminal-dt50\/","url":"https:\/\/visualbit.pt\/en\/produto\/terminal-dt50\/","name":"Terminal DT50 - Visualbit","isPartOf":{"@id":"https:\/\/visualbit.pt\/en\/#website"},"primaryImageOfPage":{"@id":"https:\/\/visualbit.pt\/en\/produto\/terminal-dt50\/#primaryimage"},"image":{"@id":"https:\/\/visualbit.pt\/produto\/terminal-dt50\/#primaryimage"},"thumbnailUrl":"https:\/\/visualbit.pt\/wp-content\/uploads\/2023\/10\/urovo_dt50.png","datePublished":"2023-10-23T09:35:49+00:00","dateModified":"2023-10-23T16:12:19+00:00","description":"O DT50 \u00e9 top de gama do portef\u00f3lio empresarial da Urovo, repleto de recursos de ponta, incluindo um poderoso processador, um ecr\u00e3 de 5,7\u201d, l\u00edder de classe.","breadcrumb":{"@id":"https:\/\/visualbit.pt\/en\/produto\/terminal-dt50\/#breadcrumb"},"inLanguage":"en-US","potentialAction":[{"@type":"ReadAction","target":[["https:\/\/visualbit.pt\/en\/produto\/terminal-dt50\/"]]}]},{"@type":"ImageObject","inLanguage":"en-US","@id":"https:\/\/visualbit.pt\/en\/produto\/terminal-dt50\/#primaryimage","url":"https:\/\/visualbit.pt\/wp-content\/uploads\/2023\/10\/urovo_dt50.png","contentUrl":"https:\/\/visualbit.pt\/wp-content\/uploads\/2023\/10\/urovo_dt50.png","width":998,"height":915,"caption":"Urovo DT50"},{"@type":"BreadcrumbList","@id":"https:\/\/visualbit.pt\/en\/produto\/terminal-dt50\/#breadcrumb","itemListElement":[{"@type":"ListItem","position":1,"name":"In\u00edcio","item":"https:\/\/visualbit.pt\/en\/"},{"@type":"ListItem","position":2,"name":"Loja","item":"https:\/\/visualbit.pt\/en\/loja\/"},{"@type":"ListItem","position":3,"name":"Terminal DT50"}]},{"@type":"WebSite","@id":"https:\/\/visualbit.pt\/en\/#website","url":"https:\/\/visualbit.pt\/en\/","name":"Visualbit","description":"Sistemas Inform&aacute;ticos","publisher":{"@id":"https:\/\/visualbit.pt\/en\/#organization"},"potentialAction":[{"@type":"SearchAction","target":{"@type":"EntryPoint","urlTemplate":"https:\/\/visualbit.pt\/en\/?s={search_term_string}"},"query-input":"required name=search_term_string"}],"inLanguage":"en-US"},{"@type":"Organization","@id":"https:\/\/visualbit.pt\/en\/#organization","name":"Visualbit","url":"https:\/\/visualbit.pt\/en\/","logo":{"@type":"ImageObject","inLanguage":"en-US","@id":"https:\/\/visualbit.pt\/en\/#\/schema\/logo\/image\/","url":"https:\/\/visualbit.pt\/wp-content\/uploads\/2023\/10\/Logo-Visualbit.png","contentUrl":"https:\/\/visualbit.pt\/wp-content\/uploads\/2023\/10\/Logo-Visualbit.png","width":1407,"height":630,"caption":"Visualbit"},"image":{"@id":"https:\/\/visualbit.pt\/en\/#\/schema\/logo\/image\/"},"sameAs":["https:\/\/www.facebook.com\/visualbitlda","https:\/\/twitter.com\/VisualbitLda","https:\/\/pt.linkedin.com\/in\/renato-martins-48454b56"]}]}},"_links":{"self":[{"href":"https:\/\/visualbit.pt\/en\/wp-json\/wp\/v2\/product\/7022","targetHints":{"allow":["GET"]}}],"collection":[{"href":"https:\/\/visualbit.pt\/en\/wp-json\/wp\/v2\/product"}],"about":[{"href":"https:\/\/visualbit.pt\/en\/wp-json\/wp\/v2\/types\/product"}],"wp:featuredmedia":[{"embeddable":true,"href":"https:\/\/visualbit.pt\/en\/wp-json\/wp\/v2\/media\/7023"}],"wp:attachment":[{"href":"https:\/\/visualbit.pt\/en\/wp-json\/wp\/v2\/media?parent=7022"}],"wp:term":[{"taxonomy":"product_cat","embeddable":true,"href":"https:\/\/visualbit.pt\/en\/wp-json\/wp\/v2\/product_cat?post=7022"},{"taxonomy":"product_tag","embeddable":true,"href":"https:\/\/visualbit.pt\/en\/wp-json\/wp\/v2\/product_tag?post=7022"}],"curies":[{"name":"wp","href":"https:\/\/api.w.org\/{rel}","templated":true}]}}