{"id":7047,"date":"2023-10-23T10:15:22","date_gmt":"2023-10-23T10:15:22","guid":{"rendered":"https:\/\/visualbit.pt\/?post_type=product&#038;p=7047"},"modified":"2023-10-23T15:59:56","modified_gmt":"2023-10-23T15:59:56","slug":"giant-100","status":"publish","type":"product","link":"https:\/\/visualbit.pt\/en\/produto\/giant-100\/","title":{"rendered":"GIANT 100"},"content":{"rendered":"<p class=\"qtranxs-available-languages-message qtranxs-available-languages-message-en\">Sorry, this entry is only available in <a href=\"https:\/\/visualbit.pt\/pt\/wp-json\/wp\/v2\/product\/7047\" class=\"qtranxs-available-language-link qtranxs-available-language-link-pt\" title=\"PT\">PT<\/a>.<\/p>","protected":false},"excerpt":{"rendered":"<p class=\"qtranxs-available-languages-message qtranxs-available-languages-message-en\">Sorry, this entry is only available in <a href=\"https:\/\/visualbit.pt\/pt\/wp-json\/wp\/v2\/product\/7047\" class=\"qtranxs-available-language-link qtranxs-available-language-link-pt\" title=\"PT\">PT<\/a>.<\/p>\n","protected":false},"featured_media":7048,"template":"","meta":{"_exactmetrics_skip_tracking":false,"_exactmetrics_sitenote_active":false,"_exactmetrics_sitenote_note":"","_exactmetrics_sitenote_category":0,"_themeisle_gutenberg_block_has_review":false},"product_cat":[54,68],"product_tag":[],"class_list":{"0":"post-7047","1":"product","2":"type-product","3":"status-publish","4":"has-post-thumbnail","6":"product_cat-impressora","7":"product_cat-pos","9":"first","10":"onbackorder","11":"shipping-taxable","12":"product-type-simple"},"yoast_head":"<!-- This site is optimized with the Yoast SEO plugin v22.2 - https:\/\/yoast.com\/wordpress\/plugins\/seo\/ -->\n<title>GIANT 100 - Visualbit<\/title>\n<meta name=\"description\" content=\"Com um design moderno e distintivo, a impressora t\u00e9rmica GIANT -100 , de tamanho reduzido. Suporte de impress\u00e3o de c\u00f3digos de barras, incluindo QR code.\" \/>\n<meta name=\"robots\" content=\"index, follow, max-snippet:-1, max-image-preview:large, max-video-preview:-1\" \/>\n<link rel=\"canonical\" href=\"https:\/\/visualbit.pt\/en\/produto\/giant-100\/\" \/>\n<meta property=\"og:locale\" content=\"en_US\" \/>\n<meta property=\"og:type\" content=\"article\" \/>\n<meta property=\"og:title\" content=\"GIANT 100 - Visualbit\" \/>\n<meta property=\"og:description\" content=\"Com um design moderno e distintivo, a impressora t\u00e9rmica GIANT -100 , de tamanho reduzido. Suporte de impress\u00e3o de c\u00f3digos de barras, incluindo QR code.\" \/>\n<meta property=\"og:url\" content=\"https:\/\/visualbit.pt\/en\/produto\/giant-100\/\" \/>\n<meta property=\"og:site_name\" content=\"Visualbit\" \/>\n<meta property=\"article:publisher\" content=\"https:\/\/www.facebook.com\/visualbitlda\" \/>\n<meta property=\"article:modified_time\" content=\"2023-10-23T15:59:56+00:00\" \/>\n<meta property=\"og:image\" content=\"https:\/\/visualbit.pt\/wp-content\/uploads\/2023\/10\/giant-5-imagens-site.png\" \/>\n\t<meta property=\"og:image:width\" content=\"398\" \/>\n\t<meta property=\"og:image:height\" content=\"390\" \/>\n\t<meta property=\"og:image:type\" content=\"image\/png\" \/>\n<meta name=\"twitter:card\" content=\"summary_large_image\" \/>\n<meta name=\"twitter:site\" content=\"@VisualbitLda\" \/>\n<meta name=\"twitter:label1\" content=\"Est. reading time\" \/>\n\t<meta name=\"twitter:data1\" content=\"1 minute\" \/>\n<script type=\"application\/ld+json\" class=\"yoast-schema-graph\">{\"@context\":\"https:\/\/schema.org\",\"@graph\":[{\"@type\":\"WebPage\",\"@id\":\"https:\/\/visualbit.pt\/en\/produto\/giant-100\/\",\"url\":\"https:\/\/visualbit.pt\/en\/produto\/giant-100\/\",\"name\":\"GIANT 100 - Visualbit\",\"isPartOf\":{\"@id\":\"https:\/\/visualbit.pt\/en\/#website\"},\"primaryImageOfPage\":{\"@id\":\"https:\/\/visualbit.pt\/en\/produto\/giant-100\/#primaryimage\"},\"image\":{\"@id\":\"https:\/\/visualbit.pt\/produto\/giant-100\/#primaryimage\"},\"thumbnailUrl\":\"https:\/\/visualbit.pt\/wp-content\/uploads\/2023\/10\/giant-5-imagens-site.png\",\"datePublished\":\"2023-10-23T10:15:22+00:00\",\"dateModified\":\"2023-10-23T15:59:56+00:00\",\"description\":\"Com um design moderno e distintivo, a impressora t\u00e9rmica GIANT -100 , de tamanho reduzido. Suporte de impress\u00e3o de c\u00f3digos de barras, incluindo QR code.\",\"breadcrumb\":{\"@id\":\"https:\/\/visualbit.pt\/en\/produto\/giant-100\/#breadcrumb\"},\"inLanguage\":\"en-US\",\"potentialAction\":[{\"@type\":\"ReadAction\",\"target\":[[\"https:\/\/visualbit.pt\/en\/produto\/giant-100\/\"]]}]},{\"@type\":\"ImageObject\",\"inLanguage\":\"en-US\",\"@id\":\"https:\/\/visualbit.pt\/en\/produto\/giant-100\/#primaryimage\",\"url\":\"https:\/\/visualbit.pt\/wp-content\/uploads\/2023\/10\/giant-5-imagens-site.png\",\"contentUrl\":\"https:\/\/visualbit.pt\/wp-content\/uploads\/2023\/10\/giant-5-imagens-site.png\",\"width\":398,\"height\":390,\"caption\":\"GIANT 100\"},{\"@type\":\"BreadcrumbList\",\"@id\":\"https:\/\/visualbit.pt\/en\/produto\/giant-100\/#breadcrumb\",\"itemListElement\":[{\"@type\":\"ListItem\",\"position\":1,\"name\":\"In\u00edcio\",\"item\":\"https:\/\/visualbit.pt\/en\/\"},{\"@type\":\"ListItem\",\"position\":2,\"name\":\"Loja\",\"item\":\"https:\/\/visualbit.pt\/en\/loja\/\"},{\"@type\":\"ListItem\",\"position\":3,\"name\":\"GIANT 100\"}]},{\"@type\":\"WebSite\",\"@id\":\"https:\/\/visualbit.pt\/en\/#website\",\"url\":\"https:\/\/visualbit.pt\/en\/\",\"name\":\"Visualbit\",\"description\":\"Sistemas Inform&aacute;ticos\",\"publisher\":{\"@id\":\"https:\/\/visualbit.pt\/en\/#organization\"},\"potentialAction\":[{\"@type\":\"SearchAction\",\"target\":{\"@type\":\"EntryPoint\",\"urlTemplate\":\"https:\/\/visualbit.pt\/en\/?s={search_term_string}\"},\"query-input\":\"required name=search_term_string\"}],\"inLanguage\":\"en-US\"},{\"@type\":\"Organization\",\"@id\":\"https:\/\/visualbit.pt\/en\/#organization\",\"name\":\"Visualbit\",\"url\":\"https:\/\/visualbit.pt\/en\/\",\"logo\":{\"@type\":\"ImageObject\",\"inLanguage\":\"en-US\",\"@id\":\"https:\/\/visualbit.pt\/en\/#\/schema\/logo\/image\/\",\"url\":\"https:\/\/visualbit.pt\/wp-content\/uploads\/2023\/10\/Logo-Visualbit.png\",\"contentUrl\":\"https:\/\/visualbit.pt\/wp-content\/uploads\/2023\/10\/Logo-Visualbit.png\",\"width\":1407,\"height\":630,\"caption\":\"Visualbit\"},\"image\":{\"@id\":\"https:\/\/visualbit.pt\/en\/#\/schema\/logo\/image\/\"},\"sameAs\":[\"https:\/\/www.facebook.com\/visualbitlda\",\"https:\/\/twitter.com\/VisualbitLda\",\"https:\/\/pt.linkedin.com\/in\/renato-martins-48454b56\"]}]}<\/script>\n<!-- \/ Yoast SEO plugin. -->","yoast_head_json":{"title":"GIANT 100 - Visualbit","description":"Com um design moderno e distintivo, a impressora t\u00e9rmica GIANT -100 , de tamanho reduzido. Suporte de impress\u00e3o de c\u00f3digos de barras, incluindo QR code.","robots":{"index":"index","follow":"follow","max-snippet":"max-snippet:-1","max-image-preview":"max-image-preview:large","max-video-preview":"max-video-preview:-1"},"canonical":"https:\/\/visualbit.pt\/en\/produto\/giant-100\/","og_locale":"en_US","og_type":"article","og_title":"GIANT 100 - Visualbit","og_description":"Com um design moderno e distintivo, a impressora t\u00e9rmica GIANT -100 , de tamanho reduzido. Suporte de impress\u00e3o de c\u00f3digos de barras, incluindo QR code.","og_url":"https:\/\/visualbit.pt\/en\/produto\/giant-100\/","og_site_name":"Visualbit","article_publisher":"https:\/\/www.facebook.com\/visualbitlda","article_modified_time":"2023-10-23T15:59:56+00:00","og_image":[{"width":398,"height":390,"url":"https:\/\/visualbit.pt\/wp-content\/uploads\/2023\/10\/giant-5-imagens-site.png","type":"image\/png"}],"twitter_card":"summary_large_image","twitter_site":"@VisualbitLda","twitter_misc":{"Est. reading time":"1 minute"},"schema":{"@context":"https:\/\/schema.org","@graph":[{"@type":"WebPage","@id":"https:\/\/visualbit.pt\/en\/produto\/giant-100\/","url":"https:\/\/visualbit.pt\/en\/produto\/giant-100\/","name":"GIANT 100 - Visualbit","isPartOf":{"@id":"https:\/\/visualbit.pt\/en\/#website"},"primaryImageOfPage":{"@id":"https:\/\/visualbit.pt\/en\/produto\/giant-100\/#primaryimage"},"image":{"@id":"https:\/\/visualbit.pt\/produto\/giant-100\/#primaryimage"},"thumbnailUrl":"https:\/\/visualbit.pt\/wp-content\/uploads\/2023\/10\/giant-5-imagens-site.png","datePublished":"2023-10-23T10:15:22+00:00","dateModified":"2023-10-23T15:59:56+00:00","description":"Com um design moderno e distintivo, a impressora t\u00e9rmica GIANT -100 , de tamanho reduzido. Suporte de impress\u00e3o de c\u00f3digos de barras, incluindo QR code.","breadcrumb":{"@id":"https:\/\/visualbit.pt\/en\/produto\/giant-100\/#breadcrumb"},"inLanguage":"en-US","potentialAction":[{"@type":"ReadAction","target":[["https:\/\/visualbit.pt\/en\/produto\/giant-100\/"]]}]},{"@type":"ImageObject","inLanguage":"en-US","@id":"https:\/\/visualbit.pt\/en\/produto\/giant-100\/#primaryimage","url":"https:\/\/visualbit.pt\/wp-content\/uploads\/2023\/10\/giant-5-imagens-site.png","contentUrl":"https:\/\/visualbit.pt\/wp-content\/uploads\/2023\/10\/giant-5-imagens-site.png","width":398,"height":390,"caption":"GIANT 100"},{"@type":"BreadcrumbList","@id":"https:\/\/visualbit.pt\/en\/produto\/giant-100\/#breadcrumb","itemListElement":[{"@type":"ListItem","position":1,"name":"In\u00edcio","item":"https:\/\/visualbit.pt\/en\/"},{"@type":"ListItem","position":2,"name":"Loja","item":"https:\/\/visualbit.pt\/en\/loja\/"},{"@type":"ListItem","position":3,"name":"GIANT 100"}]},{"@type":"WebSite","@id":"https:\/\/visualbit.pt\/en\/#website","url":"https:\/\/visualbit.pt\/en\/","name":"Visualbit","description":"Sistemas Inform&aacute;ticos","publisher":{"@id":"https:\/\/visualbit.pt\/en\/#organization"},"potentialAction":[{"@type":"SearchAction","target":{"@type":"EntryPoint","urlTemplate":"https:\/\/visualbit.pt\/en\/?s={search_term_string}"},"query-input":"required name=search_term_string"}],"inLanguage":"en-US"},{"@type":"Organization","@id":"https:\/\/visualbit.pt\/en\/#organization","name":"Visualbit","url":"https:\/\/visualbit.pt\/en\/","logo":{"@type":"ImageObject","inLanguage":"en-US","@id":"https:\/\/visualbit.pt\/en\/#\/schema\/logo\/image\/","url":"https:\/\/visualbit.pt\/wp-content\/uploads\/2023\/10\/Logo-Visualbit.png","contentUrl":"https:\/\/visualbit.pt\/wp-content\/uploads\/2023\/10\/Logo-Visualbit.png","width":1407,"height":630,"caption":"Visualbit"},"image":{"@id":"https:\/\/visualbit.pt\/en\/#\/schema\/logo\/image\/"},"sameAs":["https:\/\/www.facebook.com\/visualbitlda","https:\/\/twitter.com\/VisualbitLda","https:\/\/pt.linkedin.com\/in\/renato-martins-48454b56"]}]}},"_links":{"self":[{"href":"https:\/\/visualbit.pt\/en\/wp-json\/wp\/v2\/product\/7047","targetHints":{"allow":["GET"]}}],"collection":[{"href":"https:\/\/visualbit.pt\/en\/wp-json\/wp\/v2\/product"}],"about":[{"href":"https:\/\/visualbit.pt\/en\/wp-json\/wp\/v2\/types\/product"}],"wp:featuredmedia":[{"embeddable":true,"href":"https:\/\/visualbit.pt\/en\/wp-json\/wp\/v2\/media\/7048"}],"wp:attachment":[{"href":"https:\/\/visualbit.pt\/en\/wp-json\/wp\/v2\/media?parent=7047"}],"wp:term":[{"taxonomy":"product_cat","embeddable":true,"href":"https:\/\/visualbit.pt\/en\/wp-json\/wp\/v2\/product_cat?post=7047"},{"taxonomy":"product_tag","embeddable":true,"href":"https:\/\/visualbit.pt\/en\/wp-json\/wp\/v2\/product_tag?post=7047"}],"curies":[{"name":"wp","href":"https:\/\/api.w.org\/{rel}","templated":true}]}}