{"id":3,"date":"2023-10-04T11:34:38","date_gmt":"2023-10-04T11:34:38","guid":{"rendered":"https:\/\/visualbit.pt\/?page_id=3"},"modified":"2023-10-18T10:01:43","modified_gmt":"2023-10-18T10:01:43","slug":"privacy-policy-2","status":"publish","type":"page","link":"https:\/\/visualbit.pt\/pt\/privacy-policy-2\/","title":{"rendered":"Pol\u00edtica de Privacidade"},"content":{"rendered":"<p><strong>1. \u00c2mbito da nossa Pol\u00edtica de Privacidade<\/strong><\/p>\r\n<p>A presente pol\u00edtica de privacidade abrange este website, assim como outros sites que mencionem a mesma pol\u00edtica. A Visualbit respeita a privacidade do Utilizador e processa os seus dados pessoais de acordo com as leis em vigor. Os dados n\u00e3o ser\u00e3o processados para quaisquer outros fins que n\u00e3o os aqui especificados. A Visualbit reserva-se no direito de atualizar ou modificar a sua Pol\u00edtica de Privacidade a qualquer momento, nomeadamente, de forma a adapt\u00e1-la a altera\u00e7\u00f5es legislativas.<\/p>\r\n<p><strong>2. Para que fins s\u00e3o recolhidos dados pessoais do Utilizador?<\/strong><\/p>\r\n<p>Os dados recolhidos nos formul\u00e1rios do website destinam-se exclusivamente ao processamento dos pedidos dos utilizadores, e n\u00e3o ser\u00e3o usados para qualquer outro processamento.<\/p>\r\n<p><strong>3. A Visualbit utiliza os dados pessoais recolhidos para Marketing Direto?<\/strong><\/p>\r\n<p>A Visualbit n\u00e3o recolhe os seus dados pessoais neste site, a menos que voluntariamente os forne\u00e7a (por exemplo, quando utiliza o nosso formul\u00e1rio online para nos dirigir um pedido de informa\u00e7\u00e3o).<\/p>\r\n<p>Qualquer informa\u00e7\u00e3o que nos forne\u00e7a por esta via ser\u00e1 apenas utilizada pela Visualbit para a finalidade descrita.<\/p>\r\n<p>A Visualbit n\u00e3o utilizar\u00e1 os seus dados pessoais para lhe enviar qualquer correio n\u00e3o solicitado cujo conte\u00fado n\u00e3o tenha recebido o seu consentimento expl\u00edcito. A Visualbit n\u00e3o vende nem negoceia os seus dados com terceiros.<\/p>\r\n<p><strong>4. Quem tem acesso aos dados pessoais do Utilizador?<\/strong><\/p>\r\n<p>A Visualbit n\u00e3o divulga a terceiros quaisquer dados pessoais dos seus Clientes e Utilizadores, sem o seu consentimento, exceto quando tal for exigido por lei.<\/p>\r\n<p><strong>5. Onde s\u00e3o guardados os dados do Utilizador?<\/strong><\/p>\r\n<p>A Visualbit guarda os dados dos seus clientes e Utilizadores nos seus servidores localizados em Portugal. Estes servidores s\u00e3o protegidos e mantidos de acordo com os mais elevados standards de seguran\u00e7a e por forma a respeitar as leis de privacidade aplic\u00e1veis. Caso deseje ser removido da nossa base de dados, poder\u00e1 exercer esse direito, contactando-nos atrav\u00e9s dos diversos meios dispon\u00edveis no site.<\/p>\r\n<p><strong>6. A Visualbit utiliza cookies no seu Website?<\/strong><\/p>\r\n<p>O website da Visualbit utiliza cookies em determinadas \u00e1reas. Os cookies s\u00e3o ficheiros que armazenam informa\u00e7\u00f5es no disco r\u00edgido ou browser do Utilizador, permitindo que os websites o reconhe\u00e7am e saibam que j\u00e1 os visitou anteriormente. O Utilizador pode configurar o seu browser para recusar os cookies, por\u00e9m nesse caso, o website ou partes do mesmo podem n\u00e3o funcionar corretamente. Os cookies s\u00e3o utilizados para monitorizar e analisar a utiliza\u00e7\u00e3o do website, permitindo \u00e0 Visualbit proporcionar a melhor experi\u00eancia de utiliza\u00e7\u00e3o.<\/p>","protected":false},"excerpt":{"rendered":"<p>1. \u00c2mbito da nossa Pol\u00edtica de Privacidade A presente pol\u00edtica de privacidade abrange este website, assim como outros sites que mencionem a mesma pol\u00edtica. A Visualbit respeita a privacidade do Utilizador e processa os seus dados pessoais de acordo com as leis em vigor. Os dados n\u00e3o ser\u00e3o processados para quaisquer outros fins que n\u00e3o [&hellip;]<\/p>\n","protected":false},"author":1,"featured_media":0,"parent":0,"menu_order":0,"comment_status":"closed","ping_status":"open","template":"","meta":{"_exactmetrics_skip_tracking":false,"_exactmetrics_sitenote_active":false,"_exactmetrics_sitenote_note":"","_exactmetrics_sitenote_category":0,"_themeisle_gutenberg_block_has_review":false,"footnotes":""},"class_list":["post-3","page","type-page","status-publish","hentry"],"yoast_head":"<!-- This site is optimized with the Yoast SEO plugin v22.2 - https:\/\/yoast.com\/wordpress\/plugins\/seo\/ -->\n<title>Pol\u00edtica de Privacidade - Visualbit<\/title>\n<meta name=\"robots\" content=\"index, follow, max-snippet:-1, max-image-preview:large, max-video-preview:-1\" \/>\n<link rel=\"canonical\" href=\"https:\/\/visualbit.pt\/pt\/privacy-policy-2\/\" \/>\n<meta property=\"og:locale\" content=\"pt_PT\" \/>\n<meta property=\"og:type\" content=\"article\" \/>\n<meta property=\"og:title\" content=\"Pol\u00edtica de Privacidade - Visualbit\" \/>\n<meta property=\"og:description\" content=\"1. \u00c2mbito da nossa Pol\u00edtica de Privacidade A presente pol\u00edtica de privacidade abrange este website, assim como outros sites que mencionem a mesma pol\u00edtica. A Visualbit respeita a privacidade do Utilizador e processa os seus dados pessoais de acordo com as leis em vigor. Os dados n\u00e3o ser\u00e3o processados para quaisquer outros fins que n\u00e3o [&hellip;]\" \/>\n<meta property=\"og:url\" content=\"https:\/\/visualbit.pt\/pt\/privacy-policy-2\/\" \/>\n<meta property=\"og:site_name\" content=\"Visualbit\" \/>\n<meta property=\"article:publisher\" content=\"https:\/\/www.facebook.com\/visualbitlda\" \/>\n<meta property=\"article:modified_time\" content=\"2023-10-18T10:01:43+00:00\" \/>\n<meta name=\"twitter:card\" content=\"summary_large_image\" \/>\n<meta name=\"twitter:site\" content=\"@VisualbitLda\" \/>\n<meta name=\"twitter:label1\" content=\"Tempo estimado de leitura\" \/>\n\t<meta name=\"twitter:data1\" content=\"3 minutos\" \/>\n<script type=\"application\/ld+json\" class=\"yoast-schema-graph\">{\"@context\":\"https:\/\/schema.org\",\"@graph\":[{\"@type\":\"WebPage\",\"@id\":\"https:\/\/visualbit.pt\/pt\/privacy-policy-2\/\",\"url\":\"https:\/\/visualbit.pt\/pt\/privacy-policy-2\/\",\"name\":\"Pol\u00edtica de Privacidade - Visualbit\",\"isPartOf\":{\"@id\":\"https:\/\/visualbit.pt\/pt\/#website\"},\"datePublished\":\"2023-10-04T11:34:38+00:00\",\"dateModified\":\"2023-10-18T10:01:43+00:00\",\"breadcrumb\":{\"@id\":\"https:\/\/visualbit.pt\/pt\/privacy-policy-2\/#breadcrumb\"},\"inLanguage\":\"pt-PT\",\"potentialAction\":[{\"@type\":\"ReadAction\",\"target\":[[\"https:\/\/visualbit.pt\/pt\/privacy-policy-2\/\"]]}]},{\"@type\":\"BreadcrumbList\",\"@id\":\"https:\/\/visualbit.pt\/pt\/privacy-policy-2\/#breadcrumb\",\"itemListElement\":[{\"@type\":\"ListItem\",\"position\":1,\"name\":\"In\u00edcio\",\"item\":\"https:\/\/visualbit.pt\/pt\/\"},{\"@type\":\"ListItem\",\"position\":2,\"name\":\"Pol\u00edtica de Privacidade\"}]},{\"@type\":\"WebSite\",\"@id\":\"https:\/\/visualbit.pt\/pt\/#website\",\"url\":\"https:\/\/visualbit.pt\/pt\/\",\"name\":\"Visualbit\",\"description\":\"Sistemas Inform&aacute;ticos\",\"publisher\":{\"@id\":\"https:\/\/visualbit.pt\/pt\/#organization\"},\"potentialAction\":[{\"@type\":\"SearchAction\",\"target\":{\"@type\":\"EntryPoint\",\"urlTemplate\":\"https:\/\/visualbit.pt\/pt\/?s={search_term_string}\"},\"query-input\":\"required name=search_term_string\"}],\"inLanguage\":\"pt-PT\"},{\"@type\":\"Organization\",\"@id\":\"https:\/\/visualbit.pt\/pt\/#organization\",\"name\":\"Visualbit\",\"url\":\"https:\/\/visualbit.pt\/pt\/\",\"logo\":{\"@type\":\"ImageObject\",\"inLanguage\":\"pt-PT\",\"@id\":\"https:\/\/visualbit.pt\/pt\/#\/schema\/logo\/image\/\",\"url\":\"https:\/\/visualbit.pt\/wp-content\/uploads\/2023\/10\/Logo-Visualbit.png\",\"contentUrl\":\"https:\/\/visualbit.pt\/wp-content\/uploads\/2023\/10\/Logo-Visualbit.png\",\"width\":1407,\"height\":630,\"caption\":\"Visualbit\"},\"image\":{\"@id\":\"https:\/\/visualbit.pt\/pt\/#\/schema\/logo\/image\/\"},\"sameAs\":[\"https:\/\/www.facebook.com\/visualbitlda\",\"https:\/\/twitter.com\/VisualbitLda\",\"https:\/\/pt.linkedin.com\/in\/renato-martins-48454b56\"]}]}<\/script>\n<!-- \/ Yoast SEO plugin. -->","yoast_head_json":{"title":"Pol\u00edtica de Privacidade - Visualbit","robots":{"index":"index","follow":"follow","max-snippet":"max-snippet:-1","max-image-preview":"max-image-preview:large","max-video-preview":"max-video-preview:-1"},"canonical":"https:\/\/visualbit.pt\/pt\/privacy-policy-2\/","og_locale":"pt_PT","og_type":"article","og_title":"Pol\u00edtica de Privacidade - Visualbit","og_description":"1. \u00c2mbito da nossa Pol\u00edtica de Privacidade A presente pol\u00edtica de privacidade abrange este website, assim como outros sites que mencionem a mesma pol\u00edtica. A Visualbit respeita a privacidade do Utilizador e processa os seus dados pessoais de acordo com as leis em vigor. Os dados n\u00e3o ser\u00e3o processados para quaisquer outros fins que n\u00e3o [&hellip;]","og_url":"https:\/\/visualbit.pt\/pt\/privacy-policy-2\/","og_site_name":"Visualbit","article_publisher":"https:\/\/www.facebook.com\/visualbitlda","article_modified_time":"2023-10-18T10:01:43+00:00","twitter_card":"summary_large_image","twitter_site":"@VisualbitLda","twitter_misc":{"Tempo estimado de leitura":"3 minutos"},"schema":{"@context":"https:\/\/schema.org","@graph":[{"@type":"WebPage","@id":"https:\/\/visualbit.pt\/pt\/privacy-policy-2\/","url":"https:\/\/visualbit.pt\/pt\/privacy-policy-2\/","name":"Pol\u00edtica de Privacidade - Visualbit","isPartOf":{"@id":"https:\/\/visualbit.pt\/pt\/#website"},"datePublished":"2023-10-04T11:34:38+00:00","dateModified":"2023-10-18T10:01:43+00:00","breadcrumb":{"@id":"https:\/\/visualbit.pt\/pt\/privacy-policy-2\/#breadcrumb"},"inLanguage":"pt-PT","potentialAction":[{"@type":"ReadAction","target":[["https:\/\/visualbit.pt\/pt\/privacy-policy-2\/"]]}]},{"@type":"BreadcrumbList","@id":"https:\/\/visualbit.pt\/pt\/privacy-policy-2\/#breadcrumb","itemListElement":[{"@type":"ListItem","position":1,"name":"In\u00edcio","item":"https:\/\/visualbit.pt\/pt\/"},{"@type":"ListItem","position":2,"name":"Pol\u00edtica de Privacidade"}]},{"@type":"WebSite","@id":"https:\/\/visualbit.pt\/pt\/#website","url":"https:\/\/visualbit.pt\/pt\/","name":"Visualbit","description":"Sistemas Inform&aacute;ticos","publisher":{"@id":"https:\/\/visualbit.pt\/pt\/#organization"},"potentialAction":[{"@type":"SearchAction","target":{"@type":"EntryPoint","urlTemplate":"https:\/\/visualbit.pt\/pt\/?s={search_term_string}"},"query-input":"required name=search_term_string"}],"inLanguage":"pt-PT"},{"@type":"Organization","@id":"https:\/\/visualbit.pt\/pt\/#organization","name":"Visualbit","url":"https:\/\/visualbit.pt\/pt\/","logo":{"@type":"ImageObject","inLanguage":"pt-PT","@id":"https:\/\/visualbit.pt\/pt\/#\/schema\/logo\/image\/","url":"https:\/\/visualbit.pt\/wp-content\/uploads\/2023\/10\/Logo-Visualbit.png","contentUrl":"https:\/\/visualbit.pt\/wp-content\/uploads\/2023\/10\/Logo-Visualbit.png","width":1407,"height":630,"caption":"Visualbit"},"image":{"@id":"https:\/\/visualbit.pt\/pt\/#\/schema\/logo\/image\/"},"sameAs":["https:\/\/www.facebook.com\/visualbitlda","https:\/\/twitter.com\/VisualbitLda","https:\/\/pt.linkedin.com\/in\/renato-martins-48454b56"]}]}},"_links":{"self":[{"href":"https:\/\/visualbit.pt\/pt\/wp-json\/wp\/v2\/pages\/3","targetHints":{"allow":["GET"]}}],"collection":[{"href":"https:\/\/visualbit.pt\/pt\/wp-json\/wp\/v2\/pages"}],"about":[{"href":"https:\/\/visualbit.pt\/pt\/wp-json\/wp\/v2\/types\/page"}],"author":[{"embeddable":true,"href":"https:\/\/visualbit.pt\/pt\/wp-json\/wp\/v2\/users\/1"}],"replies":[{"embeddable":true,"href":"https:\/\/visualbit.pt\/pt\/wp-json\/wp\/v2\/comments?post=3"}],"version-history":[{"count":2,"href":"https:\/\/visualbit.pt\/pt\/wp-json\/wp\/v2\/pages\/3\/revisions"}],"predecessor-version":[{"id":6631,"href":"https:\/\/visualbit.pt\/pt\/wp-json\/wp\/v2\/pages\/3\/revisions\/6631"}],"wp:attachment":[{"href":"https:\/\/visualbit.pt\/pt\/wp-json\/wp\/v2\/media?parent=3"}],"curies":[{"name":"wp","href":"https:\/\/api.w.org\/{rel}","templated":true}]}}