{"id":5736,"date":"2023-10-11T16:39:28","date_gmt":"2023-10-11T16:39:28","guid":{"rendered":"https:\/\/visualbit.pt\/?page_id=5736"},"modified":"2023-10-19T09:55:27","modified_gmt":"2023-10-19T09:55:27","slug":"contactos","status":"publish","type":"page","link":"https:\/\/visualbit.pt\/pt\/contactos\/","title":{"rendered":"Contactos"},"content":{"rendered":"\t\t<div data-elementor-type=\"wp-page\" data-elementor-id=\"5736\" class=\"elementor elementor-5736\">\n\t\t\t\t\t\t<section class=\"elementor-section elementor-top-section elementor-element elementor-element-a419bbb elementor-section-content-top ot-traditional elementor-section-boxed elementor-section-height-default elementor-section-height-default\" data-id=\"a419bbb\" data-element_type=\"section\">\n\t\t\t\t\t\t<div class=\"elementor-container elementor-column-gap-extended\">\n\t\t\t\t\t<div class=\"elementor-column elementor-col-50 elementor-top-column elementor-element elementor-element-2957d69 ot-flex-column-vertical\" data-id=\"2957d69\" data-element_type=\"column\">\n\t\t\t<div class=\"elementor-widget-wrap elementor-element-populated\">\n\t\t\t\t\t\t<div class=\"elementor-element elementor-element-31469d7 elementor-widget elementor-widget-iheading\" data-id=\"31469d7\" data-element_type=\"widget\" data-widget_type=\"iheading.default\">\n\t\t\t\t<div class=\"elementor-widget-container\">\n\t\t\t\t\t<div class=\"ot-heading\">\r\n\t        \t            <span>\/\/ detalhes de contacto<\/span>\r\n\t        <h2 class=\"main-heading\">Contacte-nos<\/h2>\t    <\/div>\r\n\t    \t\t<\/div>\n\t\t\t\t<\/div>\n\t\t\t\t<div class=\"elementor-element elementor-element-f185bfd elementor-widget elementor-widget-text-editor\" data-id=\"f185bfd\" data-element_type=\"widget\" data-widget_type=\"text-editor.default\">\n\t\t\t\t<div class=\"elementor-widget-container\">\n\t\t\t<style>\/*! elementor - v3.20.0 - 13-03-2024 *\/\n.elementor-widget-text-editor.elementor-drop-cap-view-stacked .elementor-drop-cap{background-color:#69727d;color:#fff}.elementor-widget-text-editor.elementor-drop-cap-view-framed .elementor-drop-cap{color:#69727d;border:3px solid;background-color:transparent}.elementor-widget-text-editor:not(.elementor-drop-cap-view-default) .elementor-drop-cap{margin-top:8px}.elementor-widget-text-editor:not(.elementor-drop-cap-view-default) .elementor-drop-cap-letter{width:1em;height:1em}.elementor-widget-text-editor .elementor-drop-cap{float:left;text-align:center;line-height:1;font-size:50px}.elementor-widget-text-editor .elementor-drop-cap-letter{display:inline-block}<\/style>\t\t\t\t<p>Visite-nos ou entre em contacto connosco.<br \/>Teremos todo o prazer em falar consigo!<\/p>\t\t\t\t\t\t<\/div>\n\t\t\t\t<\/div>\n\t\t\t\t<div class=\"elementor-element elementor-element-fb4b067 elementor-widget elementor-widget-icontact_info\" data-id=\"fb4b067\" data-element_type=\"widget\" data-widget_type=\"icontact_info.default\">\n\t\t\t\t<div class=\"elementor-widget-container\">\n\t\t\t\t\t\t\t\t    \t<div class=\"contact-info box-style1\">\r\n\t\t\t\t\t\t\t\t    \t\t        <i class=\"flaticon-world-globe\"><\/i>\t\t\t        <div class=\"info-text\">\r\n\t\t\t        \t<h6>A nossa Morada:<\/h6>\r\n\t\t\t        \t<p>Estrada Nacional 125<br>Cel\u00f5es, 4 Estradas\n<br>8100-321 LOUL\u00c9<\/p>\r\n\t\t\t        <\/div>\r\n\t\t\t    <\/div>\r\n\t\t    \t    \t\t<\/div>\n\t\t\t\t<\/div>\n\t\t\t\t<div class=\"elementor-element elementor-element-f9b9dfe elementor-widget elementor-widget-icontact_info\" data-id=\"f9b9dfe\" data-element_type=\"widget\" data-widget_type=\"icontact_info.default\">\n\t\t\t\t<div class=\"elementor-widget-container\">\n\t\t\t\t\t\t\t\t    \t<div class=\"contact-info box-style1\">\r\n\t\t\t\t\t\t\t\t    \t\t        <i class=\"flaticon-envelope\"><\/i>\t\t\t        <div class=\"info-text\">\r\n\t\t\t        \t<h6>O nosso Email:<\/h6>\r\n\t\t\t        \t<p>info@visualbit.pt<\/p>\r\n\t\t\t        <\/div>\r\n\t\t\t    <\/div>\r\n\t\t    \t    \t\t<\/div>\n\t\t\t\t<\/div>\n\t\t\t\t<div class=\"elementor-element elementor-element-8531f10 elementor-widget elementor-widget-icontact_info\" data-id=\"8531f10\" data-element_type=\"widget\" data-widget_type=\"icontact_info.default\">\n\t\t\t\t<div class=\"elementor-widget-container\">\n\t\t\t\t\t\t\t\t    \t<div class=\"contact-info box-style1\">\r\n\t\t\t\t\t\t\t\t    \t\t        <i class=\"flaticon-phone-1\"><\/i>\t\t\t        <div class=\"info-text\">\r\n\t\t\t        \t<h6>O nosso contacto telef\u00f3nico:<\/h6>\r\n\t\t\t        \t<p>(+351) 289 849 394<br>(Chamada para a rede fixa nacional)<\/p>\r\n\t\t\t        <\/div>\r\n\t\t\t    <\/div>\r\n\t\t    \t    \t\t<\/div>\n\t\t\t\t<\/div>\n\t\t\t\t<div class=\"elementor-element elementor-element-14a79d4 elementor-shape-rounded elementor-grid-0 e-grid-align-center elementor-widget elementor-widget-social-icons\" data-id=\"14a79d4\" data-element_type=\"widget\" data-widget_type=\"social-icons.default\">\n\t\t\t\t<div class=\"elementor-widget-container\">\n\t\t\t<style>\/*! elementor - v3.20.0 - 13-03-2024 *\/\n.elementor-widget-social-icons.elementor-grid-0 .elementor-widget-container,.elementor-widget-social-icons.elementor-grid-mobile-0 .elementor-widget-container,.elementor-widget-social-icons.elementor-grid-tablet-0 .elementor-widget-container{line-height:1;font-size:0}.elementor-widget-social-icons:not(.elementor-grid-0):not(.elementor-grid-tablet-0):not(.elementor-grid-mobile-0) .elementor-grid{display:inline-grid}.elementor-widget-social-icons .elementor-grid{grid-column-gap:var(--grid-column-gap,5px);grid-row-gap:var(--grid-row-gap,5px);grid-template-columns:var(--grid-template-columns);justify-content:var(--justify-content,center);justify-items:var(--justify-content,center)}.elementor-icon.elementor-social-icon{font-size:var(--icon-size,25px);line-height:var(--icon-size,25px);width:calc(var(--icon-size, 25px) + 2 * var(--icon-padding, .5em));height:calc(var(--icon-size, 25px) + 2 * var(--icon-padding, .5em))}.elementor-social-icon{--e-social-icon-icon-color:#fff;display:inline-flex;background-color:#69727d;align-items:center;justify-content:center;text-align:center;cursor:pointer}.elementor-social-icon i{color:var(--e-social-icon-icon-color)}.elementor-social-icon svg{fill:var(--e-social-icon-icon-color)}.elementor-social-icon:last-child{margin:0}.elementor-social-icon:hover{opacity:.9;color:#fff}.elementor-social-icon-android{background-color:#a4c639}.elementor-social-icon-apple{background-color:#999}.elementor-social-icon-behance{background-color:#1769ff}.elementor-social-icon-bitbucket{background-color:#205081}.elementor-social-icon-codepen{background-color:#000}.elementor-social-icon-delicious{background-color:#39f}.elementor-social-icon-deviantart{background-color:#05cc47}.elementor-social-icon-digg{background-color:#005be2}.elementor-social-icon-dribbble{background-color:#ea4c89}.elementor-social-icon-elementor{background-color:#d30c5c}.elementor-social-icon-envelope{background-color:#ea4335}.elementor-social-icon-facebook,.elementor-social-icon-facebook-f{background-color:#3b5998}.elementor-social-icon-flickr{background-color:#0063dc}.elementor-social-icon-foursquare{background-color:#2d5be3}.elementor-social-icon-free-code-camp,.elementor-social-icon-freecodecamp{background-color:#006400}.elementor-social-icon-github{background-color:#333}.elementor-social-icon-gitlab{background-color:#e24329}.elementor-social-icon-globe{background-color:#69727d}.elementor-social-icon-google-plus,.elementor-social-icon-google-plus-g{background-color:#dd4b39}.elementor-social-icon-houzz{background-color:#7ac142}.elementor-social-icon-instagram{background-color:#262626}.elementor-social-icon-jsfiddle{background-color:#487aa2}.elementor-social-icon-link{background-color:#818a91}.elementor-social-icon-linkedin,.elementor-social-icon-linkedin-in{background-color:#0077b5}.elementor-social-icon-medium{background-color:#00ab6b}.elementor-social-icon-meetup{background-color:#ec1c40}.elementor-social-icon-mixcloud{background-color:#273a4b}.elementor-social-icon-odnoklassniki{background-color:#f4731c}.elementor-social-icon-pinterest{background-color:#bd081c}.elementor-social-icon-product-hunt{background-color:#da552f}.elementor-social-icon-reddit{background-color:#ff4500}.elementor-social-icon-rss{background-color:#f26522}.elementor-social-icon-shopping-cart{background-color:#4caf50}.elementor-social-icon-skype{background-color:#00aff0}.elementor-social-icon-slideshare{background-color:#0077b5}.elementor-social-icon-snapchat{background-color:#fffc00}.elementor-social-icon-soundcloud{background-color:#f80}.elementor-social-icon-spotify{background-color:#2ebd59}.elementor-social-icon-stack-overflow{background-color:#fe7a15}.elementor-social-icon-steam{background-color:#00adee}.elementor-social-icon-stumbleupon{background-color:#eb4924}.elementor-social-icon-telegram{background-color:#2ca5e0}.elementor-social-icon-threads{background-color:#000}.elementor-social-icon-thumb-tack{background-color:#1aa1d8}.elementor-social-icon-tripadvisor{background-color:#589442}.elementor-social-icon-tumblr{background-color:#35465c}.elementor-social-icon-twitch{background-color:#6441a5}.elementor-social-icon-twitter{background-color:#1da1f2}.elementor-social-icon-viber{background-color:#665cac}.elementor-social-icon-vimeo{background-color:#1ab7ea}.elementor-social-icon-vk{background-color:#45668e}.elementor-social-icon-weibo{background-color:#dd2430}.elementor-social-icon-weixin{background-color:#31a918}.elementor-social-icon-whatsapp{background-color:#25d366}.elementor-social-icon-wordpress{background-color:#21759b}.elementor-social-icon-x-twitter{background-color:#000}.elementor-social-icon-xing{background-color:#026466}.elementor-social-icon-yelp{background-color:#af0606}.elementor-social-icon-youtube{background-color:#cd201f}.elementor-social-icon-500px{background-color:#0099e5}.elementor-shape-rounded .elementor-icon.elementor-social-icon{border-radius:10%}.elementor-shape-circle .elementor-icon.elementor-social-icon{border-radius:50%}<\/style>\t\t<div class=\"elementor-social-icons-wrapper elementor-grid\">\n\t\t\t\t\t\t\t<span class=\"elementor-grid-item\">\n\t\t\t\t\t<a class=\"elementor-icon elementor-social-icon elementor-social-icon-twitter elementor-animation-float elementor-repeater-item-a24d46e\" href=\"https:\/\/twitter.com\/VisualbitLda\" target=\"_blank\">\n\t\t\t\t\t\t<span class=\"elementor-screen-only\">Twitter<\/span>\n\t\t\t\t\t\t<i class=\"fab fa-twitter\"><\/i>\t\t\t\t\t<\/a>\n\t\t\t\t<\/span>\n\t\t\t\t\t\t\t<span class=\"elementor-grid-item\">\n\t\t\t\t\t<a class=\"elementor-icon elementor-social-icon elementor-social-icon-facebook-f elementor-animation-float elementor-repeater-item-4261f62\" href=\"https:\/\/www.facebook.com\/visualbitlda\" target=\"_blank\">\n\t\t\t\t\t\t<span class=\"elementor-screen-only\">Facebook-f<\/span>\n\t\t\t\t\t\t<i class=\"fab fa-facebook-f\"><\/i>\t\t\t\t\t<\/a>\n\t\t\t\t<\/span>\n\t\t\t\t\t\t\t<span class=\"elementor-grid-item\">\n\t\t\t\t\t<a class=\"elementor-icon elementor-social-icon elementor-social-icon-linkedin-in elementor-animation-float elementor-repeater-item-b0dbeaa\" href=\"https:\/\/pt.linkedin.com\/in\/renato-martins-48454b56\" target=\"_blank\">\n\t\t\t\t\t\t<span class=\"elementor-screen-only\">Linkedin-in<\/span>\n\t\t\t\t\t\t<i class=\"fab fa-linkedin-in\"><\/i>\t\t\t\t\t<\/a>\n\t\t\t\t<\/span>\n\t\t\t\t\t\t\t<span class=\"elementor-grid-item\">\n\t\t\t\t\t<a class=\"elementor-icon elementor-social-icon elementor-social-icon-instagram elementor-animation-float elementor-repeater-item-6b456a7\" href=\"https:\/\/www.instagram.com\/visualbit.lda\/\" target=\"_blank\">\n\t\t\t\t\t\t<span class=\"elementor-screen-only\">Instagram<\/span>\n\t\t\t\t\t\t<i class=\"fab fa-instagram\"><\/i>\t\t\t\t\t<\/a>\n\t\t\t\t<\/span>\n\t\t\t\t\t<\/div>\n\t\t\t\t<\/div>\n\t\t\t\t<\/div>\n\t\t\t\t\t<\/div>\n\t\t<\/div>\n\t\t\t\t<div class=\"elementor-column elementor-col-50 elementor-top-column elementor-element elementor-element-cee3476 ot-flex-column-vertical\" data-id=\"cee3476\" data-element_type=\"column\">\n\t\t\t<div class=\"elementor-widget-wrap elementor-element-populated\">\n\t\t\t\t\t\t<div class=\"elementor-element elementor-element-c9b1a90 elementor-widget elementor-widget-shortcode\" data-id=\"c9b1a90\" data-element_type=\"widget\" data-widget_type=\"shortcode.default\">\n\t\t\t\t<div class=\"elementor-widget-container\">\n\t\t\t\t\t<div class=\"elementor-shortcode\">\n<div class=\"wpcf7 no-js\" id=\"wpcf7-f1379-o1\" lang=\"en-US\" dir=\"ltr\">\n<div class=\"screen-reader-response\"><p role=\"status\" aria-live=\"polite\" aria-atomic=\"true\"><\/p> <ul><\/ul><\/div>\n<form action=\"\/pt\/wp-json\/wp\/v2\/pages\/5736#wpcf7-f1379-o1\" method=\"post\" class=\"wpcf7-form init wpb_gqb_form_product_info_hide\" aria-label=\"Contact form\" novalidate=\"novalidate\" data-status=\"init\">\n<div style=\"display: none;\">\n<input type=\"hidden\" name=\"_wpcf7\" value=\"1379\" \/>\n<input type=\"hidden\" name=\"_wpcf7_version\" value=\"5.9.2\" \/>\n<input type=\"hidden\" name=\"_wpcf7_locale\" value=\"en_US\" \/>\n<input type=\"hidden\" name=\"_wpcf7_unit_tag\" value=\"wpcf7-f1379-o1\" \/>\n<input type=\"hidden\" name=\"_wpcf7_container_post\" value=\"0\" \/>\n<input type=\"hidden\" name=\"_wpcf7_posted_data_hash\" value=\"\" \/>\n<input type=\"hidden\" name=\"_wpcf7_recaptcha_response\" value=\"\" \/>\n<\/div>\n<div class=\"main-form\">\n\t<h2>Tem alguma d\u00favida?\n\t<\/h2>\n\t<p class=\"font14\">Preencha o formul\u00e1rio seguinte e entraremos em contacto consigo t\u00e3o breve quanto poss\u00edvel.<br \/>\n(*Campos obrigat\u00f3rios)\n\t<\/p>\n\t<p><span class=\"wpcf7-form-control-wrap\" data-name=\"nome\"><input size=\"40\" class=\"wpcf7-form-control wpcf7-text wpcf7-validates-as-required\" aria-required=\"true\" aria-invalid=\"false\" placeholder=\"O seu Nome *\" value=\"\" type=\"text\" name=\"nome\" \/><\/span>\n\t<\/p>\n\t<p><span class=\"wpcf7-form-control-wrap\" data-name=\"seu-email\"><input size=\"40\" class=\"wpcf7-form-control wpcf7-email wpcf7-validates-as-required wpcf7-text wpcf7-validates-as-email\" aria-required=\"true\" aria-invalid=\"false\" placeholder=\"O seu Email *\" value=\"\" type=\"email\" name=\"seu-email\" \/><\/span>\n\t<\/p>\n\t<p><span class=\"wpcf7-form-control-wrap\" data-name=\"telefone\"><input size=\"40\" class=\"wpcf7-form-control wpcf7-tel wpcf7-text wpcf7-validates-as-tel\" aria-invalid=\"false\" placeholder=\"O seu telefone\" value=\"\" type=\"tel\" name=\"telefone\" \/><\/span>\n\t<\/p>\n\t<p><span class=\"wpcf7-form-control-wrap\" data-name=\"empresa\"><input size=\"40\" class=\"wpcf7-form-control wpcf7-text\" aria-invalid=\"false\" placeholder=\"A sua empresa\" value=\"\" type=\"text\" name=\"empresa\" \/><\/span>\n\t<\/p>\n\t<p><span class=\"wpcf7-form-control-wrap\" data-name=\"mensagem\"><textarea cols=\"40\" rows=\"10\" class=\"wpcf7-form-control wpcf7-textarea\" aria-invalid=\"false\" placeholder=\"Mensagem...\" name=\"mensagem\"><\/textarea><\/span>\n\t<\/p>\n\t<p><button type=\"submit\" class=\"octf-btn octf-btn-light\">Enviar Mensagem<\/button>\n\t<\/p>\n<\/div><div class=\"wpcf7-response-output\" aria-hidden=\"true\"><\/div>\n<\/form>\n<\/div>\n<\/div>\n\t\t\t\t<\/div>\n\t\t\t\t<\/div>\n\t\t\t\t\t<\/div>\n\t\t<\/div>\n\t\t\t\t\t<\/div>\n\t\t<\/section>\n\t\t\t\t<section class=\"elementor-section elementor-top-section elementor-element elementor-element-f17adea elementor-section-full_width ot-traditional elementor-section-height-default elementor-section-height-default\" data-id=\"f17adea\" data-element_type=\"section\">\n\t\t\t\t\t\t<div class=\"elementor-container elementor-column-gap-default\">\n\t\t\t\t\t<div class=\"elementor-column elementor-col-100 elementor-top-column elementor-element elementor-element-bb8bdbe ot-flex-column-vertical\" data-id=\"bb8bdbe\" data-element_type=\"column\">\n\t\t\t<div class=\"elementor-widget-wrap elementor-element-populated\">\n\t\t\t\t\t\t<div class=\"elementor-element elementor-element-bbd84de elementor-widget elementor-widget-google_maps\" data-id=\"bbd84de\" data-element_type=\"widget\" data-widget_type=\"google_maps.default\">\n\t\t\t\t<div class=\"elementor-widget-container\">\n\t\t\t<style>\/*! elementor - v3.20.0 - 13-03-2024 *\/\n.elementor-widget-google_maps .elementor-widget-container{overflow:hidden}.elementor-widget-google_maps .elementor-custom-embed{line-height:0}.elementor-widget-google_maps iframe{height:300px}<\/style>\t\t<div class=\"elementor-custom-embed\">\n\t\t\t<iframe loading=\"lazy\"\n\t\t\t\t\tsrc=\"https:\/\/maps.google.com\/maps?q=visualbit%20Estrada%20Nacional%20125%20%E2%80%93%20Cel%C3%B5es%2C%204%20Estradas%208100-321%20LOUL%C3%89&#038;t=m&#038;z=15&#038;output=embed&#038;iwloc=near\"\n\t\t\t\t\ttitle=\"visualbit Estrada Nacional 125 \u2013 Cel\u00f5es, 4 Estradas 8100-321 LOUL\u00c9\"\n\t\t\t\t\taria-label=\"visualbit Estrada Nacional 125 \u2013 Cel\u00f5es, 4 Estradas 8100-321 LOUL\u00c9\"\n\t\t\t><\/iframe>\n\t\t<\/div>\n\t\t\t\t<\/div>\n\t\t\t\t<\/div>\n\t\t\t\t\t<\/div>\n\t\t<\/div>\n\t\t\t\t\t<\/div>\n\t\t<\/section>\n\t\t\t\t<\/div>\n\t\t","protected":false},"excerpt":{"rendered":"<p>\/\/ detalhes de contacto Contacte-nos Visite-nos ou entre em contacto connosco. Teremos todo o prazer em falar consigo! A nossa Morada: Estrada Nacional 125 Cel\u00f5es, 4 Estradas 8100-321 LOUL\u00c9 O nosso Email: info@visualbit.pt O nosso contacto telef\u00f3nico: (+351) 289 849 394 (Chamada para a rede fixa nacional) Twitter Facebook-f Linkedin-in Instagram<\/p>\n","protected":false},"author":1,"featured_media":0,"parent":0,"menu_order":0,"comment_status":"closed","ping_status":"closed","template":"","meta":{"_exactmetrics_skip_tracking":false,"_exactmetrics_sitenote_active":false,"_exactmetrics_sitenote_note":"","_exactmetrics_sitenote_category":0,"_themeisle_gutenberg_block_has_review":false,"footnotes":""},"class_list":["post-5736","page","type-page","status-publish","hentry"],"yoast_head":"<!-- This site is optimized with the Yoast SEO plugin v22.2 - https:\/\/yoast.com\/wordpress\/plugins\/seo\/ -->\n<title>Contactos - Visualbit<\/title>\n<meta name=\"description\" content=\"Com mais de 10 anos de experi\u00eancia na implementa\u00e7\u00e3o de solu\u00e7\u00f5es tecnol\u00f3gicas, a Visualbit nasce com o intuito de ser uma empresa inovadora e diferenciadora no Algarve.\" \/>\n<meta name=\"robots\" content=\"index, follow, max-snippet:-1, max-image-preview:large, max-video-preview:-1\" \/>\n<link rel=\"canonical\" href=\"https:\/\/visualbit.pt\/pt\/contactos\/\" \/>\n<meta property=\"og:locale\" content=\"pt_PT\" \/>\n<meta property=\"og:type\" content=\"article\" \/>\n<meta property=\"og:title\" content=\"Contactos - Visualbit\" \/>\n<meta property=\"og:description\" content=\"Com mais de 10 anos de experi\u00eancia na implementa\u00e7\u00e3o de solu\u00e7\u00f5es tecnol\u00f3gicas, a Visualbit nasce com o intuito de ser uma empresa inovadora e diferenciadora no Algarve.\" \/>\n<meta property=\"og:url\" content=\"https:\/\/visualbit.pt\/pt\/contactos\/\" \/>\n<meta property=\"og:site_name\" content=\"Visualbit\" \/>\n<meta property=\"article:publisher\" content=\"https:\/\/www.facebook.com\/visualbitlda\" \/>\n<meta property=\"article:modified_time\" content=\"2023-10-19T09:55:27+00:00\" \/>\n<meta name=\"twitter:card\" content=\"summary_large_image\" \/>\n<meta name=\"twitter:site\" content=\"@VisualbitLda\" \/>\n<meta name=\"twitter:label1\" content=\"Tempo estimado de leitura\" \/>\n\t<meta name=\"twitter:data1\" content=\"1 minuto\" \/>\n<script type=\"application\/ld+json\" class=\"yoast-schema-graph\">{\"@context\":\"https:\/\/schema.org\",\"@graph\":[{\"@type\":\"WebPage\",\"@id\":\"https:\/\/visualbit.pt\/pt\/contactos\/\",\"url\":\"https:\/\/visualbit.pt\/pt\/contactos\/\",\"name\":\"Contactos - Visualbit\",\"isPartOf\":{\"@id\":\"https:\/\/visualbit.pt\/pt\/#website\"},\"datePublished\":\"2023-10-11T16:39:28+00:00\",\"dateModified\":\"2023-10-19T09:55:27+00:00\",\"description\":\"Com mais de 10 anos de experi\u00eancia na implementa\u00e7\u00e3o de solu\u00e7\u00f5es tecnol\u00f3gicas, a Visualbit nasce com o intuito de ser uma empresa inovadora e diferenciadora no Algarve.\",\"breadcrumb\":{\"@id\":\"https:\/\/visualbit.pt\/pt\/contactos\/#breadcrumb\"},\"inLanguage\":\"pt-PT\",\"potentialAction\":[{\"@type\":\"ReadAction\",\"target\":[[\"https:\/\/visualbit.pt\/pt\/contactos\/\"]]}]},{\"@type\":\"BreadcrumbList\",\"@id\":\"https:\/\/visualbit.pt\/pt\/contactos\/#breadcrumb\",\"itemListElement\":[{\"@type\":\"ListItem\",\"position\":1,\"name\":\"In\u00edcio\",\"item\":\"https:\/\/visualbit.pt\/pt\/\"},{\"@type\":\"ListItem\",\"position\":2,\"name\":\"Contactos\"}]},{\"@type\":\"WebSite\",\"@id\":\"https:\/\/visualbit.pt\/pt\/#website\",\"url\":\"https:\/\/visualbit.pt\/pt\/\",\"name\":\"Visualbit\",\"description\":\"Sistemas Inform&aacute;ticos\",\"publisher\":{\"@id\":\"https:\/\/visualbit.pt\/pt\/#organization\"},\"potentialAction\":[{\"@type\":\"SearchAction\",\"target\":{\"@type\":\"EntryPoint\",\"urlTemplate\":\"https:\/\/visualbit.pt\/pt\/?s={search_term_string}\"},\"query-input\":\"required name=search_term_string\"}],\"inLanguage\":\"pt-PT\"},{\"@type\":\"Organization\",\"@id\":\"https:\/\/visualbit.pt\/pt\/#organization\",\"name\":\"Visualbit\",\"url\":\"https:\/\/visualbit.pt\/pt\/\",\"logo\":{\"@type\":\"ImageObject\",\"inLanguage\":\"pt-PT\",\"@id\":\"https:\/\/visualbit.pt\/pt\/#\/schema\/logo\/image\/\",\"url\":\"https:\/\/visualbit.pt\/wp-content\/uploads\/2023\/10\/Logo-Visualbit.png\",\"contentUrl\":\"https:\/\/visualbit.pt\/wp-content\/uploads\/2023\/10\/Logo-Visualbit.png\",\"width\":1407,\"height\":630,\"caption\":\"Visualbit\"},\"image\":{\"@id\":\"https:\/\/visualbit.pt\/pt\/#\/schema\/logo\/image\/\"},\"sameAs\":[\"https:\/\/www.facebook.com\/visualbitlda\",\"https:\/\/twitter.com\/VisualbitLda\",\"https:\/\/pt.linkedin.com\/in\/renato-martins-48454b56\"]}]}<\/script>\n<!-- \/ Yoast SEO plugin. -->","yoast_head_json":{"title":"Contactos - Visualbit","description":"Com mais de 10 anos de experi\u00eancia na implementa\u00e7\u00e3o de solu\u00e7\u00f5es tecnol\u00f3gicas, a Visualbit nasce com o intuito de ser uma empresa inovadora e diferenciadora no Algarve.","robots":{"index":"index","follow":"follow","max-snippet":"max-snippet:-1","max-image-preview":"max-image-preview:large","max-video-preview":"max-video-preview:-1"},"canonical":"https:\/\/visualbit.pt\/pt\/contactos\/","og_locale":"pt_PT","og_type":"article","og_title":"Contactos - Visualbit","og_description":"Com mais de 10 anos de experi\u00eancia na implementa\u00e7\u00e3o de solu\u00e7\u00f5es tecnol\u00f3gicas, a Visualbit nasce com o intuito de ser uma empresa inovadora e diferenciadora no Algarve.","og_url":"https:\/\/visualbit.pt\/pt\/contactos\/","og_site_name":"Visualbit","article_publisher":"https:\/\/www.facebook.com\/visualbitlda","article_modified_time":"2023-10-19T09:55:27+00:00","twitter_card":"summary_large_image","twitter_site":"@VisualbitLda","twitter_misc":{"Tempo estimado de leitura":"1 minuto"},"schema":{"@context":"https:\/\/schema.org","@graph":[{"@type":"WebPage","@id":"https:\/\/visualbit.pt\/pt\/contactos\/","url":"https:\/\/visualbit.pt\/pt\/contactos\/","name":"Contactos - Visualbit","isPartOf":{"@id":"https:\/\/visualbit.pt\/pt\/#website"},"datePublished":"2023-10-11T16:39:28+00:00","dateModified":"2023-10-19T09:55:27+00:00","description":"Com mais de 10 anos de experi\u00eancia na implementa\u00e7\u00e3o de solu\u00e7\u00f5es tecnol\u00f3gicas, a Visualbit nasce com o intuito de ser uma empresa inovadora e diferenciadora no Algarve.","breadcrumb":{"@id":"https:\/\/visualbit.pt\/pt\/contactos\/#breadcrumb"},"inLanguage":"pt-PT","potentialAction":[{"@type":"ReadAction","target":[["https:\/\/visualbit.pt\/pt\/contactos\/"]]}]},{"@type":"BreadcrumbList","@id":"https:\/\/visualbit.pt\/pt\/contactos\/#breadcrumb","itemListElement":[{"@type":"ListItem","position":1,"name":"In\u00edcio","item":"https:\/\/visualbit.pt\/pt\/"},{"@type":"ListItem","position":2,"name":"Contactos"}]},{"@type":"WebSite","@id":"https:\/\/visualbit.pt\/pt\/#website","url":"https:\/\/visualbit.pt\/pt\/","name":"Visualbit","description":"Sistemas Inform&aacute;ticos","publisher":{"@id":"https:\/\/visualbit.pt\/pt\/#organization"},"potentialAction":[{"@type":"SearchAction","target":{"@type":"EntryPoint","urlTemplate":"https:\/\/visualbit.pt\/pt\/?s={search_term_string}"},"query-input":"required name=search_term_string"}],"inLanguage":"pt-PT"},{"@type":"Organization","@id":"https:\/\/visualbit.pt\/pt\/#organization","name":"Visualbit","url":"https:\/\/visualbit.pt\/pt\/","logo":{"@type":"ImageObject","inLanguage":"pt-PT","@id":"https:\/\/visualbit.pt\/pt\/#\/schema\/logo\/image\/","url":"https:\/\/visualbit.pt\/wp-content\/uploads\/2023\/10\/Logo-Visualbit.png","contentUrl":"https:\/\/visualbit.pt\/wp-content\/uploads\/2023\/10\/Logo-Visualbit.png","width":1407,"height":630,"caption":"Visualbit"},"image":{"@id":"https:\/\/visualbit.pt\/pt\/#\/schema\/logo\/image\/"},"sameAs":["https:\/\/www.facebook.com\/visualbitlda","https:\/\/twitter.com\/VisualbitLda","https:\/\/pt.linkedin.com\/in\/renato-martins-48454b56"]}]}},"_links":{"self":[{"href":"https:\/\/visualbit.pt\/pt\/wp-json\/wp\/v2\/pages\/5736","targetHints":{"allow":["GET"]}}],"collection":[{"href":"https:\/\/visualbit.pt\/pt\/wp-json\/wp\/v2\/pages"}],"about":[{"href":"https:\/\/visualbit.pt\/pt\/wp-json\/wp\/v2\/types\/page"}],"author":[{"embeddable":true,"href":"https:\/\/visualbit.pt\/pt\/wp-json\/wp\/v2\/users\/1"}],"replies":[{"embeddable":true,"href":"https:\/\/visualbit.pt\/pt\/wp-json\/wp\/v2\/comments?post=5736"}],"version-history":[{"count":24,"href":"https:\/\/visualbit.pt\/pt\/wp-json\/wp\/v2\/pages\/5736\/revisions"}],"predecessor-version":[{"id":6855,"href":"https:\/\/visualbit.pt\/pt\/wp-json\/wp\/v2\/pages\/5736\/revisions\/6855"}],"wp:attachment":[{"href":"https:\/\/visualbit.pt\/pt\/wp-json\/wp\/v2\/media?parent=5736"}],"curies":[{"name":"wp","href":"https:\/\/api.w.org\/{rel}","templated":true}]}}