{"id":7022,"date":"2023-10-23T09:35:49","date_gmt":"2023-10-23T09:35:49","guid":{"rendered":"https:\/\/visualbit.pt\/?post_type=product&#038;p=7022"},"modified":"2023-10-23T16:12:19","modified_gmt":"2023-10-23T16:12:19","slug":"terminal-dt50","status":"publish","type":"product","link":"https:\/\/visualbit.pt\/pt\/produto\/terminal-dt50\/","title":{"rendered":"Terminal DT50"},"content":{"rendered":"<p><\/p>\n<h3>Especifica\u00e7\u00f5es<\/h3>\n<p><strong>CPU:<\/strong>\u00a0Qualcomm octa-core 2.2GHz processor<br \/>\n<strong>OS:<\/strong>\u00a0Android 9 Pie with GMS, (Global Messaging Services)<br \/>\n<strong>Memoria:<\/strong>\u00a04GB RAM \/ 64GB ROM ; 6GB RAM \/ 128GB ROM (Optional)<br \/>\n<strong>Ecr\u00e3:<\/strong>\u00a05.7\u2033 TFT-LCD sunlight screen 720\u00d71440 pixel, 283 ppi ; 1080\u00d72160 pixel, 424 ppi<br \/>\n<strong>Touchpanel:<\/strong>\u00a0Ultra sensitive capacitive touch panel, works with gloves and wet fingers; Corning Gorilla Glass; Multi-touch<br \/>\n<strong>Dimens\u00f5es:<\/strong>\u00a0162.6mm\u00d776mm\u00d713.6mm ; 6.4in\u00d73in\u00d70.53in<br \/>\n<strong>Peso:<\/strong>\u00a0250g\/8.8oz (inclui bateria)<br \/>\n<strong>Power:<\/strong>\u00a0Rechargeable 3.85V 4300mAh, 6000mAh\uff08optional\uff09<br \/>\n<strong>Audio:<\/strong>\u00a0Dual-microphone with noise cancellation, highquality speaker, PTT headset supported<br \/>\n<strong>Scanning:<\/strong>\u00a01D\/2D imager, support PDF417, microQR<br \/>\n<strong>Camera:<\/strong>\u00a0Front \u2013 5MP, Rear \u2013 16MP auto-focus color rear, camera with flash<br \/>\n<strong>Buttons:<\/strong>\u00a0Scan button \u00d72, Power button, Volume +\/- button, user programmable button<br \/>\n<strong>Bluetooth:<\/strong>\u00a0BT5.0 BLE(Bluetooth Low Energy)<br \/>\n<strong>WiFi:<\/strong>\u00a02.4G\/5G IEEE 802.11a\/b\/g\/n\/ac\/d\/e\/h\/i\/k\/r\/v\/w 2X2 MU-MIMO<br \/>\n<strong>WWAN:<\/strong>\u00a04G\/3G\/2G 2\u00d7Nano-SIM slots<br \/>\n<strong>GPS:<\/strong>\u00a0GPS; GLONASS; BeiDou. A-GPS supported<br \/>\n<strong>Sealing:<\/strong>\u00a0IP67 ; Multiple 1.5m drop to concrete at room temperature.<br \/>\n<strong>Environment parameter:<\/strong>\u00a0Operating Temperature\uff1a- 20\u00b0C~60\u00b0C (-4\u00b0F~140\u00b0F) ; Storage Temperature\uff1a- 40\u00b0C~70\u00b0C (-40\u00b0F~158\u00b0F) ; Humidity\uff1a5%RH ~ 95%RH (non condensing)<\/p>","protected":false},"excerpt":{"rendered":"<p><span class=\"JLqJ4b ChMk0b\" data-language-for-alternatives=\"pt\" data-language-to-translate-into=\"en\" data-phrase-index=\"0\" data-number-of-phrases=\"2\"><span class=\"Q4iAWc\">O DT50 \u00e9 top de gama do portef\u00f3lio empresarial da Urovo, repleto de recursos de ponta, incluindo um poderoso processador, um ecr\u00e3 de 5,7\u201d, l\u00edder de classe, carregamento r\u00e1pido super r\u00e1pido e alimentado pelo sistema operativo Android para m\u00e1xima compatibilidade com plataformas de software l\u00edderes do setor.<\/span><\/span>\u00a0<span class=\"JLqJ4b ChMk0b\" data-language-for-alternatives=\"pt\" data-language-to-translate-into=\"en\" data-phrase-index=\"1\" data-number-of-phrases=\"2\"><span class=\"Q4iAWc\">O DT50 suporta 4G, Bluetooth e WiFi para criar capacidades de roaming perfeitas com seu design leve de apenas 250g.<\/span><\/span><\/p>\n","protected":false},"featured_media":7023,"template":"","meta":{"_exactmetrics_skip_tracking":false,"_exactmetrics_sitenote_active":false,"_exactmetrics_sitenote_note":"","_exactmetrics_sitenote_category":0,"_themeisle_gutenberg_block_has_review":false},"product_cat":[64],"product_tag":[],"class_list":{"0":"post-7022","1":"product","2":"type-product","3":"status-publish","4":"has-post-thumbnail","6":"product_cat-pda","8":"first","9":"onbackorder","10":"shipping-taxable","11":"product-type-simple"},"yoast_head":"<!-- This site is optimized with the Yoast SEO plugin v22.2 - https:\/\/yoast.com\/wordpress\/plugins\/seo\/ -->\n<title>Terminal DT50 - Visualbit<\/title>\n<meta name=\"description\" content=\"O DT50 \u00e9 top de gama do portef\u00f3lio empresarial da Urovo, repleto de recursos de ponta, incluindo um poderoso processador, um ecr\u00e3 de 5,7\u201d, l\u00edder de classe.\" \/>\n<meta name=\"robots\" content=\"index, follow, max-snippet:-1, max-image-preview:large, max-video-preview:-1\" \/>\n<link rel=\"canonical\" href=\"https:\/\/visualbit.pt\/pt\/produto\/terminal-dt50\/\" \/>\n<meta property=\"og:locale\" content=\"pt_PT\" \/>\n<meta property=\"og:type\" content=\"article\" \/>\n<meta property=\"og:title\" content=\"Terminal DT50 - Visualbit\" \/>\n<meta property=\"og:description\" content=\"O DT50 \u00e9 top de gama do portef\u00f3lio empresarial da Urovo, repleto de recursos de ponta, incluindo um poderoso processador, um ecr\u00e3 de 5,7\u201d, l\u00edder de classe.\" \/>\n<meta property=\"og:url\" content=\"https:\/\/visualbit.pt\/pt\/produto\/terminal-dt50\/\" \/>\n<meta property=\"og:site_name\" content=\"Visualbit\" \/>\n<meta property=\"article:publisher\" content=\"https:\/\/www.facebook.com\/visualbitlda\" \/>\n<meta property=\"article:modified_time\" content=\"2023-10-23T16:12:19+00:00\" \/>\n<meta property=\"og:image\" content=\"https:\/\/visualbit.pt\/wp-content\/uploads\/2023\/10\/urovo_dt50.png\" \/>\n\t<meta property=\"og:image:width\" content=\"998\" \/>\n\t<meta property=\"og:image:height\" content=\"915\" \/>\n\t<meta property=\"og:image:type\" content=\"image\/png\" \/>\n<meta name=\"twitter:card\" content=\"summary_large_image\" \/>\n<meta name=\"twitter:site\" content=\"@VisualbitLda\" \/>\n<meta name=\"twitter:label1\" content=\"Tempo estimado de leitura\" \/>\n\t<meta name=\"twitter:data1\" content=\"1 minuto\" \/>\n<script type=\"application\/ld+json\" class=\"yoast-schema-graph\">{\"@context\":\"https:\/\/schema.org\",\"@graph\":[{\"@type\":\"WebPage\",\"@id\":\"https:\/\/visualbit.pt\/pt\/produto\/terminal-dt50\/\",\"url\":\"https:\/\/visualbit.pt\/pt\/produto\/terminal-dt50\/\",\"name\":\"Terminal DT50 - Visualbit\",\"isPartOf\":{\"@id\":\"https:\/\/visualbit.pt\/pt\/#website\"},\"primaryImageOfPage\":{\"@id\":\"https:\/\/visualbit.pt\/pt\/produto\/terminal-dt50\/#primaryimage\"},\"image\":{\"@id\":\"https:\/\/visualbit.pt\/produto\/terminal-dt50\/#primaryimage\"},\"thumbnailUrl\":\"https:\/\/visualbit.pt\/wp-content\/uploads\/2023\/10\/urovo_dt50.png\",\"datePublished\":\"2023-10-23T09:35:49+00:00\",\"dateModified\":\"2023-10-23T16:12:19+00:00\",\"description\":\"O DT50 \u00e9 top de gama do portef\u00f3lio empresarial da Urovo, repleto de recursos de ponta, incluindo um poderoso processador, um ecr\u00e3 de 5,7\u201d, l\u00edder de classe.\",\"breadcrumb\":{\"@id\":\"https:\/\/visualbit.pt\/pt\/produto\/terminal-dt50\/#breadcrumb\"},\"inLanguage\":\"pt-PT\",\"potentialAction\":[{\"@type\":\"ReadAction\",\"target\":[[\"https:\/\/visualbit.pt\/pt\/produto\/terminal-dt50\/\"]]}]},{\"@type\":\"ImageObject\",\"inLanguage\":\"pt-PT\",\"@id\":\"https:\/\/visualbit.pt\/pt\/produto\/terminal-dt50\/#primaryimage\",\"url\":\"https:\/\/visualbit.pt\/wp-content\/uploads\/2023\/10\/urovo_dt50.png\",\"contentUrl\":\"https:\/\/visualbit.pt\/wp-content\/uploads\/2023\/10\/urovo_dt50.png\",\"width\":998,\"height\":915,\"caption\":\"Urovo DT50\"},{\"@type\":\"BreadcrumbList\",\"@id\":\"https:\/\/visualbit.pt\/pt\/produto\/terminal-dt50\/#breadcrumb\",\"itemListElement\":[{\"@type\":\"ListItem\",\"position\":1,\"name\":\"In\u00edcio\",\"item\":\"https:\/\/visualbit.pt\/pt\/\"},{\"@type\":\"ListItem\",\"position\":2,\"name\":\"Loja\",\"item\":\"https:\/\/visualbit.pt\/pt\/loja\/\"},{\"@type\":\"ListItem\",\"position\":3,\"name\":\"Terminal DT50\"}]},{\"@type\":\"WebSite\",\"@id\":\"https:\/\/visualbit.pt\/pt\/#website\",\"url\":\"https:\/\/visualbit.pt\/pt\/\",\"name\":\"Visualbit\",\"description\":\"Sistemas Inform&aacute;ticos\",\"publisher\":{\"@id\":\"https:\/\/visualbit.pt\/pt\/#organization\"},\"potentialAction\":[{\"@type\":\"SearchAction\",\"target\":{\"@type\":\"EntryPoint\",\"urlTemplate\":\"https:\/\/visualbit.pt\/pt\/?s={search_term_string}\"},\"query-input\":\"required name=search_term_string\"}],\"inLanguage\":\"pt-PT\"},{\"@type\":\"Organization\",\"@id\":\"https:\/\/visualbit.pt\/pt\/#organization\",\"name\":\"Visualbit\",\"url\":\"https:\/\/visualbit.pt\/pt\/\",\"logo\":{\"@type\":\"ImageObject\",\"inLanguage\":\"pt-PT\",\"@id\":\"https:\/\/visualbit.pt\/pt\/#\/schema\/logo\/image\/\",\"url\":\"https:\/\/visualbit.pt\/wp-content\/uploads\/2023\/10\/Logo-Visualbit.png\",\"contentUrl\":\"https:\/\/visualbit.pt\/wp-content\/uploads\/2023\/10\/Logo-Visualbit.png\",\"width\":1407,\"height\":630,\"caption\":\"Visualbit\"},\"image\":{\"@id\":\"https:\/\/visualbit.pt\/pt\/#\/schema\/logo\/image\/\"},\"sameAs\":[\"https:\/\/www.facebook.com\/visualbitlda\",\"https:\/\/twitter.com\/VisualbitLda\",\"https:\/\/pt.linkedin.com\/in\/renato-martins-48454b56\"]}]}<\/script>\n<!-- \/ Yoast SEO plugin. -->","yoast_head_json":{"title":"Terminal DT50 - Visualbit","description":"O DT50 \u00e9 top de gama do portef\u00f3lio empresarial da Urovo, repleto de recursos de ponta, incluindo um poderoso processador, um ecr\u00e3 de 5,7\u201d, l\u00edder de classe.","robots":{"index":"index","follow":"follow","max-snippet":"max-snippet:-1","max-image-preview":"max-image-preview:large","max-video-preview":"max-video-preview:-1"},"canonical":"https:\/\/visualbit.pt\/pt\/produto\/terminal-dt50\/","og_locale":"pt_PT","og_type":"article","og_title":"Terminal DT50 - Visualbit","og_description":"O DT50 \u00e9 top de gama do portef\u00f3lio empresarial da Urovo, repleto de recursos de ponta, incluindo um poderoso processador, um ecr\u00e3 de 5,7\u201d, l\u00edder de classe.","og_url":"https:\/\/visualbit.pt\/pt\/produto\/terminal-dt50\/","og_site_name":"Visualbit","article_publisher":"https:\/\/www.facebook.com\/visualbitlda","article_modified_time":"2023-10-23T16:12:19+00:00","og_image":[{"width":998,"height":915,"url":"https:\/\/visualbit.pt\/wp-content\/uploads\/2023\/10\/urovo_dt50.png","type":"image\/png"}],"twitter_card":"summary_large_image","twitter_site":"@VisualbitLda","twitter_misc":{"Tempo estimado de leitura":"1 minuto"},"schema":{"@context":"https:\/\/schema.org","@graph":[{"@type":"WebPage","@id":"https:\/\/visualbit.pt\/pt\/produto\/terminal-dt50\/","url":"https:\/\/visualbit.pt\/pt\/produto\/terminal-dt50\/","name":"Terminal DT50 - Visualbit","isPartOf":{"@id":"https:\/\/visualbit.pt\/pt\/#website"},"primaryImageOfPage":{"@id":"https:\/\/visualbit.pt\/pt\/produto\/terminal-dt50\/#primaryimage"},"image":{"@id":"https:\/\/visualbit.pt\/produto\/terminal-dt50\/#primaryimage"},"thumbnailUrl":"https:\/\/visualbit.pt\/wp-content\/uploads\/2023\/10\/urovo_dt50.png","datePublished":"2023-10-23T09:35:49+00:00","dateModified":"2023-10-23T16:12:19+00:00","description":"O DT50 \u00e9 top de gama do portef\u00f3lio empresarial da Urovo, repleto de recursos de ponta, incluindo um poderoso processador, um ecr\u00e3 de 5,7\u201d, l\u00edder de classe.","breadcrumb":{"@id":"https:\/\/visualbit.pt\/pt\/produto\/terminal-dt50\/#breadcrumb"},"inLanguage":"pt-PT","potentialAction":[{"@type":"ReadAction","target":[["https:\/\/visualbit.pt\/pt\/produto\/terminal-dt50\/"]]}]},{"@type":"ImageObject","inLanguage":"pt-PT","@id":"https:\/\/visualbit.pt\/pt\/produto\/terminal-dt50\/#primaryimage","url":"https:\/\/visualbit.pt\/wp-content\/uploads\/2023\/10\/urovo_dt50.png","contentUrl":"https:\/\/visualbit.pt\/wp-content\/uploads\/2023\/10\/urovo_dt50.png","width":998,"height":915,"caption":"Urovo DT50"},{"@type":"BreadcrumbList","@id":"https:\/\/visualbit.pt\/pt\/produto\/terminal-dt50\/#breadcrumb","itemListElement":[{"@type":"ListItem","position":1,"name":"In\u00edcio","item":"https:\/\/visualbit.pt\/pt\/"},{"@type":"ListItem","position":2,"name":"Loja","item":"https:\/\/visualbit.pt\/pt\/loja\/"},{"@type":"ListItem","position":3,"name":"Terminal DT50"}]},{"@type":"WebSite","@id":"https:\/\/visualbit.pt\/pt\/#website","url":"https:\/\/visualbit.pt\/pt\/","name":"Visualbit","description":"Sistemas Inform&aacute;ticos","publisher":{"@id":"https:\/\/visualbit.pt\/pt\/#organization"},"potentialAction":[{"@type":"SearchAction","target":{"@type":"EntryPoint","urlTemplate":"https:\/\/visualbit.pt\/pt\/?s={search_term_string}"},"query-input":"required name=search_term_string"}],"inLanguage":"pt-PT"},{"@type":"Organization","@id":"https:\/\/visualbit.pt\/pt\/#organization","name":"Visualbit","url":"https:\/\/visualbit.pt\/pt\/","logo":{"@type":"ImageObject","inLanguage":"pt-PT","@id":"https:\/\/visualbit.pt\/pt\/#\/schema\/logo\/image\/","url":"https:\/\/visualbit.pt\/wp-content\/uploads\/2023\/10\/Logo-Visualbit.png","contentUrl":"https:\/\/visualbit.pt\/wp-content\/uploads\/2023\/10\/Logo-Visualbit.png","width":1407,"height":630,"caption":"Visualbit"},"image":{"@id":"https:\/\/visualbit.pt\/pt\/#\/schema\/logo\/image\/"},"sameAs":["https:\/\/www.facebook.com\/visualbitlda","https:\/\/twitter.com\/VisualbitLda","https:\/\/pt.linkedin.com\/in\/renato-martins-48454b56"]}]}},"_links":{"self":[{"href":"https:\/\/visualbit.pt\/pt\/wp-json\/wp\/v2\/product\/7022","targetHints":{"allow":["GET"]}}],"collection":[{"href":"https:\/\/visualbit.pt\/pt\/wp-json\/wp\/v2\/product"}],"about":[{"href":"https:\/\/visualbit.pt\/pt\/wp-json\/wp\/v2\/types\/product"}],"wp:featuredmedia":[{"embeddable":true,"href":"https:\/\/visualbit.pt\/pt\/wp-json\/wp\/v2\/media\/7023"}],"wp:attachment":[{"href":"https:\/\/visualbit.pt\/pt\/wp-json\/wp\/v2\/media?parent=7022"}],"wp:term":[{"taxonomy":"product_cat","embeddable":true,"href":"https:\/\/visualbit.pt\/pt\/wp-json\/wp\/v2\/product_cat?post=7022"},{"taxonomy":"product_tag","embeddable":true,"href":"https:\/\/visualbit.pt\/pt\/wp-json\/wp\/v2\/product_tag?post=7022"}],"curies":[{"name":"wp","href":"https:\/\/api.w.org\/{rel}","templated":true}]}}