{"id":7026,"date":"2023-10-23T09:46:06","date_gmt":"2023-10-23T09:46:06","guid":{"rendered":"https:\/\/visualbit.pt\/?post_type=product&#038;p=7026"},"modified":"2023-10-23T16:10:22","modified_gmt":"2023-10-23T16:10:22","slug":"glory-ci-10","status":"publish","type":"product","link":"https:\/\/visualbit.pt\/pt\/produto\/glory-ci-10\/","title":{"rendered":"Glory &#8211; CI-10"},"content":{"rendered":"<p><\/p>\n<h3>ESPECIFICA\u00c7\u00d5ES<\/h3>\n<p>&nbsp;<\/p>\n<table border=\"0\" width=\"837\">\n<tbody>\n<tr>\n<td><\/td>\n<td><strong>CI-10B (recirculador de notas)<\/strong><\/td>\n<td><strong>CI-10C (recirculador de moedas)<\/strong><\/td>\n<\/tr>\n<tr>\n<td>Dimens\u00f5es (L \u00d7 A \u00d7 P)<\/td>\n<td>240 \u00d7 483 \u00d7 820 \u2013 850mm (altura pode ser ajustada)<\/td>\n<td>240 \u00d7 483 \u00d7 820 \u2013 850mm (altura pode ser ajustada)<\/td>\n<\/tr>\n<tr>\n<td>Peso<\/td>\n<td>60 kg<\/td>\n<td>59 kg<\/td>\n<\/tr>\n<tr>\n<td>N\u00famero de m\u00f3dulos recirculadores<\/td>\n<td>3 m\u00f3dulos recirculadores<\/td>\n<td>8 m\u00f3dulos recirculadores<\/td>\n<\/tr>\n<tr>\n<td>Capacidade total de notas\/moedas<\/td>\n<td>750 notas (SCC) 600 notas (IFC)<\/td>\n<td>Depende da con\ufb01gura\u00e7\u00e3o\u00a0 do m\u00f3dulo recirculador<\/td>\n<\/tr>\n<\/tbody>\n<\/table>\n<p><\/p>","protected":false},"excerpt":{"rendered":"<p>A solu\u00e7\u00e3o CI-10 da GLORY oferece uma gest\u00e3o inteligente do numer\u00e1rio, proporciona um manuseio fechado e seguro, controlo centralizado de stock e otimiza\u00e7\u00e3o de todos os processos de numer\u00e1rio em todo estabelecimento. O CI-10 \u00e9 um sistema completo de gest\u00e3o de numer\u00e1rio com not\u00e1vel flexibilidade e capacidade de expans\u00e3o para retalho, adaptando-se a qualquer tamanho de loja, v\u00e1rios segmentos de neg\u00f3cios e a cada plano de investimento.<\/p>\n","protected":false},"featured_media":7027,"template":"","meta":{"_exactmetrics_skip_tracking":false,"_exactmetrics_sitenote_active":false,"_exactmetrics_sitenote_note":"","_exactmetrics_sitenote_category":0,"_themeisle_gutenberg_block_has_review":false},"product_cat":[65],"product_tag":[],"class_list":{"0":"post-7026","1":"product","2":"type-product","3":"status-publish","4":"has-post-thumbnail","6":"product_cat-gestao-automatica-de-caixa","8":"first","9":"onbackorder","10":"shipping-taxable","11":"product-type-simple"},"yoast_head":"<!-- This site is optimized with the Yoast SEO plugin v22.2 - https:\/\/yoast.com\/wordpress\/plugins\/seo\/ -->\n<title>Glory - CI-10 - Visualbit<\/title>\n<meta name=\"description\" content=\"A solu\u00e7\u00e3o CI-10 da GLORY oferece uma gest\u00e3o inteligente do numer\u00e1rio, proporciona um manuseio otimizado de todos os processos de numer\u00e1rio.\" \/>\n<meta name=\"robots\" content=\"index, follow, max-snippet:-1, max-image-preview:large, max-video-preview:-1\" \/>\n<link rel=\"canonical\" href=\"https:\/\/visualbit.pt\/pt\/produto\/glory-ci-10\/\" \/>\n<meta property=\"og:locale\" content=\"pt_PT\" \/>\n<meta property=\"og:type\" content=\"article\" \/>\n<meta property=\"og:title\" content=\"Glory - CI-10 - Visualbit\" \/>\n<meta property=\"og:description\" content=\"A solu\u00e7\u00e3o CI-10 da GLORY oferece uma gest\u00e3o inteligente do numer\u00e1rio, proporciona um manuseio otimizado de todos os processos de numer\u00e1rio.\" \/>\n<meta property=\"og:url\" content=\"https:\/\/visualbit.pt\/pt\/produto\/glory-ci-10\/\" \/>\n<meta property=\"og:site_name\" content=\"Visualbit\" \/>\n<meta property=\"article:publisher\" content=\"https:\/\/www.facebook.com\/visualbitlda\" \/>\n<meta property=\"article:modified_time\" content=\"2023-10-23T16:10:22+00:00\" \/>\n<meta property=\"og:image\" content=\"https:\/\/visualbit.pt\/wp-content\/uploads\/2023\/10\/ci-10-product-image-face-left.png\" \/>\n\t<meta property=\"og:image:width\" content=\"1374\" \/>\n\t<meta property=\"og:image:height\" content=\"1920\" \/>\n\t<meta property=\"og:image:type\" content=\"image\/png\" \/>\n<meta name=\"twitter:card\" content=\"summary_large_image\" \/>\n<meta name=\"twitter:site\" content=\"@VisualbitLda\" \/>\n<meta name=\"twitter:label1\" content=\"Tempo estimado de leitura\" \/>\n\t<meta name=\"twitter:data1\" content=\"1 minuto\" \/>\n<script type=\"application\/ld+json\" class=\"yoast-schema-graph\">{\"@context\":\"https:\/\/schema.org\",\"@graph\":[{\"@type\":\"WebPage\",\"@id\":\"https:\/\/visualbit.pt\/pt\/produto\/glory-ci-10\/\",\"url\":\"https:\/\/visualbit.pt\/pt\/produto\/glory-ci-10\/\",\"name\":\"Glory - CI-10 - Visualbit\",\"isPartOf\":{\"@id\":\"https:\/\/visualbit.pt\/pt\/#website\"},\"primaryImageOfPage\":{\"@id\":\"https:\/\/visualbit.pt\/pt\/produto\/glory-ci-10\/#primaryimage\"},\"image\":{\"@id\":\"https:\/\/visualbit.pt\/produto\/glory-ci-10\/#primaryimage\"},\"thumbnailUrl\":\"https:\/\/visualbit.pt\/wp-content\/uploads\/2023\/10\/ci-10-product-image-face-left.png\",\"datePublished\":\"2023-10-23T09:46:06+00:00\",\"dateModified\":\"2023-10-23T16:10:22+00:00\",\"description\":\"A solu\u00e7\u00e3o CI-10 da GLORY oferece uma gest\u00e3o inteligente do numer\u00e1rio, proporciona um manuseio otimizado de todos os processos de numer\u00e1rio.\",\"breadcrumb\":{\"@id\":\"https:\/\/visualbit.pt\/pt\/produto\/glory-ci-10\/#breadcrumb\"},\"inLanguage\":\"pt-PT\",\"potentialAction\":[{\"@type\":\"ReadAction\",\"target\":[[\"https:\/\/visualbit.pt\/pt\/produto\/glory-ci-10\/\"]]}]},{\"@type\":\"ImageObject\",\"inLanguage\":\"pt-PT\",\"@id\":\"https:\/\/visualbit.pt\/pt\/produto\/glory-ci-10\/#primaryimage\",\"url\":\"https:\/\/visualbit.pt\/wp-content\/uploads\/2023\/10\/ci-10-product-image-face-left.png\",\"contentUrl\":\"https:\/\/visualbit.pt\/wp-content\/uploads\/2023\/10\/ci-10-product-image-face-left.png\",\"width\":1374,\"height\":1920,\"caption\":\"Glory - CI-10\"},{\"@type\":\"BreadcrumbList\",\"@id\":\"https:\/\/visualbit.pt\/pt\/produto\/glory-ci-10\/#breadcrumb\",\"itemListElement\":[{\"@type\":\"ListItem\",\"position\":1,\"name\":\"In\u00edcio\",\"item\":\"https:\/\/visualbit.pt\/pt\/\"},{\"@type\":\"ListItem\",\"position\":2,\"name\":\"Loja\",\"item\":\"https:\/\/visualbit.pt\/pt\/loja\/\"},{\"@type\":\"ListItem\",\"position\":3,\"name\":\"Glory &#8211; CI-10\"}]},{\"@type\":\"WebSite\",\"@id\":\"https:\/\/visualbit.pt\/pt\/#website\",\"url\":\"https:\/\/visualbit.pt\/pt\/\",\"name\":\"Visualbit\",\"description\":\"Sistemas Inform&aacute;ticos\",\"publisher\":{\"@id\":\"https:\/\/visualbit.pt\/pt\/#organization\"},\"potentialAction\":[{\"@type\":\"SearchAction\",\"target\":{\"@type\":\"EntryPoint\",\"urlTemplate\":\"https:\/\/visualbit.pt\/pt\/?s={search_term_string}\"},\"query-input\":\"required name=search_term_string\"}],\"inLanguage\":\"pt-PT\"},{\"@type\":\"Organization\",\"@id\":\"https:\/\/visualbit.pt\/pt\/#organization\",\"name\":\"Visualbit\",\"url\":\"https:\/\/visualbit.pt\/pt\/\",\"logo\":{\"@type\":\"ImageObject\",\"inLanguage\":\"pt-PT\",\"@id\":\"https:\/\/visualbit.pt\/pt\/#\/schema\/logo\/image\/\",\"url\":\"https:\/\/visualbit.pt\/wp-content\/uploads\/2023\/10\/Logo-Visualbit.png\",\"contentUrl\":\"https:\/\/visualbit.pt\/wp-content\/uploads\/2023\/10\/Logo-Visualbit.png\",\"width\":1407,\"height\":630,\"caption\":\"Visualbit\"},\"image\":{\"@id\":\"https:\/\/visualbit.pt\/pt\/#\/schema\/logo\/image\/\"},\"sameAs\":[\"https:\/\/www.facebook.com\/visualbitlda\",\"https:\/\/twitter.com\/VisualbitLda\",\"https:\/\/pt.linkedin.com\/in\/renato-martins-48454b56\"]}]}<\/script>\n<!-- \/ Yoast SEO plugin. -->","yoast_head_json":{"title":"Glory - CI-10 - Visualbit","description":"A solu\u00e7\u00e3o CI-10 da GLORY oferece uma gest\u00e3o inteligente do numer\u00e1rio, proporciona um manuseio otimizado de todos os processos de numer\u00e1rio.","robots":{"index":"index","follow":"follow","max-snippet":"max-snippet:-1","max-image-preview":"max-image-preview:large","max-video-preview":"max-video-preview:-1"},"canonical":"https:\/\/visualbit.pt\/pt\/produto\/glory-ci-10\/","og_locale":"pt_PT","og_type":"article","og_title":"Glory - CI-10 - Visualbit","og_description":"A solu\u00e7\u00e3o CI-10 da GLORY oferece uma gest\u00e3o inteligente do numer\u00e1rio, proporciona um manuseio otimizado de todos os processos de numer\u00e1rio.","og_url":"https:\/\/visualbit.pt\/pt\/produto\/glory-ci-10\/","og_site_name":"Visualbit","article_publisher":"https:\/\/www.facebook.com\/visualbitlda","article_modified_time":"2023-10-23T16:10:22+00:00","og_image":[{"width":1374,"height":1920,"url":"https:\/\/visualbit.pt\/wp-content\/uploads\/2023\/10\/ci-10-product-image-face-left.png","type":"image\/png"}],"twitter_card":"summary_large_image","twitter_site":"@VisualbitLda","twitter_misc":{"Tempo estimado de leitura":"1 minuto"},"schema":{"@context":"https:\/\/schema.org","@graph":[{"@type":"WebPage","@id":"https:\/\/visualbit.pt\/pt\/produto\/glory-ci-10\/","url":"https:\/\/visualbit.pt\/pt\/produto\/glory-ci-10\/","name":"Glory - CI-10 - Visualbit","isPartOf":{"@id":"https:\/\/visualbit.pt\/pt\/#website"},"primaryImageOfPage":{"@id":"https:\/\/visualbit.pt\/pt\/produto\/glory-ci-10\/#primaryimage"},"image":{"@id":"https:\/\/visualbit.pt\/produto\/glory-ci-10\/#primaryimage"},"thumbnailUrl":"https:\/\/visualbit.pt\/wp-content\/uploads\/2023\/10\/ci-10-product-image-face-left.png","datePublished":"2023-10-23T09:46:06+00:00","dateModified":"2023-10-23T16:10:22+00:00","description":"A solu\u00e7\u00e3o CI-10 da GLORY oferece uma gest\u00e3o inteligente do numer\u00e1rio, proporciona um manuseio otimizado de todos os processos de numer\u00e1rio.","breadcrumb":{"@id":"https:\/\/visualbit.pt\/pt\/produto\/glory-ci-10\/#breadcrumb"},"inLanguage":"pt-PT","potentialAction":[{"@type":"ReadAction","target":[["https:\/\/visualbit.pt\/pt\/produto\/glory-ci-10\/"]]}]},{"@type":"ImageObject","inLanguage":"pt-PT","@id":"https:\/\/visualbit.pt\/pt\/produto\/glory-ci-10\/#primaryimage","url":"https:\/\/visualbit.pt\/wp-content\/uploads\/2023\/10\/ci-10-product-image-face-left.png","contentUrl":"https:\/\/visualbit.pt\/wp-content\/uploads\/2023\/10\/ci-10-product-image-face-left.png","width":1374,"height":1920,"caption":"Glory - CI-10"},{"@type":"BreadcrumbList","@id":"https:\/\/visualbit.pt\/pt\/produto\/glory-ci-10\/#breadcrumb","itemListElement":[{"@type":"ListItem","position":1,"name":"In\u00edcio","item":"https:\/\/visualbit.pt\/pt\/"},{"@type":"ListItem","position":2,"name":"Loja","item":"https:\/\/visualbit.pt\/pt\/loja\/"},{"@type":"ListItem","position":3,"name":"Glory &#8211; CI-10"}]},{"@type":"WebSite","@id":"https:\/\/visualbit.pt\/pt\/#website","url":"https:\/\/visualbit.pt\/pt\/","name":"Visualbit","description":"Sistemas Inform&aacute;ticos","publisher":{"@id":"https:\/\/visualbit.pt\/pt\/#organization"},"potentialAction":[{"@type":"SearchAction","target":{"@type":"EntryPoint","urlTemplate":"https:\/\/visualbit.pt\/pt\/?s={search_term_string}"},"query-input":"required name=search_term_string"}],"inLanguage":"pt-PT"},{"@type":"Organization","@id":"https:\/\/visualbit.pt\/pt\/#organization","name":"Visualbit","url":"https:\/\/visualbit.pt\/pt\/","logo":{"@type":"ImageObject","inLanguage":"pt-PT","@id":"https:\/\/visualbit.pt\/pt\/#\/schema\/logo\/image\/","url":"https:\/\/visualbit.pt\/wp-content\/uploads\/2023\/10\/Logo-Visualbit.png","contentUrl":"https:\/\/visualbit.pt\/wp-content\/uploads\/2023\/10\/Logo-Visualbit.png","width":1407,"height":630,"caption":"Visualbit"},"image":{"@id":"https:\/\/visualbit.pt\/pt\/#\/schema\/logo\/image\/"},"sameAs":["https:\/\/www.facebook.com\/visualbitlda","https:\/\/twitter.com\/VisualbitLda","https:\/\/pt.linkedin.com\/in\/renato-martins-48454b56"]}]}},"_links":{"self":[{"href":"https:\/\/visualbit.pt\/pt\/wp-json\/wp\/v2\/product\/7026","targetHints":{"allow":["GET"]}}],"collection":[{"href":"https:\/\/visualbit.pt\/pt\/wp-json\/wp\/v2\/product"}],"about":[{"href":"https:\/\/visualbit.pt\/pt\/wp-json\/wp\/v2\/types\/product"}],"wp:featuredmedia":[{"embeddable":true,"href":"https:\/\/visualbit.pt\/pt\/wp-json\/wp\/v2\/media\/7027"}],"wp:attachment":[{"href":"https:\/\/visualbit.pt\/pt\/wp-json\/wp\/v2\/media?parent=7026"}],"wp:term":[{"taxonomy":"product_cat","embeddable":true,"href":"https:\/\/visualbit.pt\/pt\/wp-json\/wp\/v2\/product_cat?post=7026"},{"taxonomy":"product_tag","embeddable":true,"href":"https:\/\/visualbit.pt\/pt\/wp-json\/wp\/v2\/product_tag?post=7026"}],"curies":[{"name":"wp","href":"https:\/\/api.w.org\/{rel}","templated":true}]}}