{"id":7028,"date":"2023-10-23T09:54:27","date_gmt":"2023-10-23T09:54:27","guid":{"rendered":"https:\/\/visualbit.pt\/?post_type=product&#038;p=7028"},"modified":"2023-10-23T16:08:06","modified_gmt":"2023-10-23T16:08:06","slug":"kiosk-sam4s-21-5","status":"publish","type":"product","link":"https:\/\/visualbit.pt\/pt\/produto\/kiosk-sam4s-21-5\/","title":{"rendered":"Kiosk Sam4s 21.5&#8221;"},"content":{"rendered":"<p><\/p>\n<h3>ESPECIFICA\u00c7\u00d5ES<\/h3>\n<p>&nbsp;<\/p>\n<table border=\"0\" width=\"706\">\n<tbody>\n<tr>\n<td>Display<\/td>\n<td>21,5 polegadas: FHD, 1920 x 1080<\/td>\n<\/tr>\n<tr>\n<td>CPU<\/td>\n<td>Intel Celeron J1900 (Quad Core at\u00e9 2.4GHz)<\/td>\n<\/tr>\n<tr>\n<td>Armazenamento<\/td>\n<td>mSATA de 64 GB (at\u00e9 256 GB)<\/td>\n<\/tr>\n<tr>\n<td>Mem\u00f3ria<\/td>\n<td>SODIMM DDR3 de 4 GB (at\u00e9 8 GB)<\/td>\n<\/tr>\n<tr>\n<td>Wi-Fi<\/td>\n<td>Ethernet IEEE 802.3 10\/100\/1000<\/td>\n<\/tr>\n<tr>\n<td>Scanner<\/td>\n<td>\u00a02D<\/td>\n<\/tr>\n<\/tbody>\n<\/table>\n<p><\/p>","protected":false},"excerpt":{"rendered":"<p>Projetado para equipar os aspetos mais importantes do Kiosk, confiabilidade e estabilidade. Com um DESIGN LUXUOSO E DE TAMANHO COMPACTO \u00e9 ideal para v\u00e1rios ambientes e otimiza a utiliza\u00e7\u00e3o dos espa\u00e7os. Os quiosques interativos s\u00e3o normalmente colocados em locais de tr\u00e1fego intenso, como fast food, lojas, sal\u00f5es de hot\u00e9is ou aeroportos, onde as pessoas podem obter informa\u00e7\u00f5es ou efetuar pedidos com o toque de um dedo.<\/p>\n","protected":false},"featured_media":7029,"template":"","meta":{"_exactmetrics_skip_tracking":false,"_exactmetrics_sitenote_active":false,"_exactmetrics_sitenote_note":"","_exactmetrics_sitenote_category":0,"_themeisle_gutenberg_block_has_review":false},"product_cat":[67,66],"product_tag":[],"class_list":{"0":"post-7028","1":"product","2":"type-product","3":"status-publish","4":"has-post-thumbnail","6":"product_cat-kiosk","7":"product_cat-monitor-touch","9":"first","10":"onbackorder","11":"shipping-taxable","12":"product-type-simple"},"yoast_head":"<!-- This site is optimized with the Yoast SEO plugin v22.2 - https:\/\/yoast.com\/wordpress\/plugins\/seo\/ -->\n<title>Kiosk Sam4s 21.5&#039;&#039; - Visualbit<\/title>\n<meta name=\"description\" content=\"Projetado para equipar os aspetos mais importantes do Kiosk, confiabilidade e estabilidade. Com um DESIGN LUXUOSO E DE TAMANHO COMPACTO.\" \/>\n<meta name=\"robots\" content=\"index, follow, max-snippet:-1, max-image-preview:large, max-video-preview:-1\" \/>\n<link rel=\"canonical\" href=\"https:\/\/visualbit.pt\/pt\/produto\/kiosk-sam4s-21-5\/\" \/>\n<meta property=\"og:locale\" content=\"pt_PT\" \/>\n<meta property=\"og:type\" content=\"article\" \/>\n<meta property=\"og:title\" content=\"Kiosk Sam4s 21.5&#039;&#039; - Visualbit\" \/>\n<meta property=\"og:description\" content=\"Projetado para equipar os aspetos mais importantes do Kiosk, confiabilidade e estabilidade. Com um DESIGN LUXUOSO E DE TAMANHO COMPACTO.\" \/>\n<meta property=\"og:url\" content=\"https:\/\/visualbit.pt\/pt\/produto\/kiosk-sam4s-21-5\/\" \/>\n<meta property=\"og:site_name\" content=\"Visualbit\" \/>\n<meta property=\"article:publisher\" content=\"https:\/\/www.facebook.com\/visualbitlda\" \/>\n<meta property=\"article:modified_time\" content=\"2023-10-23T16:08:06+00:00\" \/>\n<meta property=\"og:image\" content=\"https:\/\/visualbit.pt\/wp-content\/uploads\/2023\/10\/kiosk-imagens-site-1.png\" \/>\n\t<meta property=\"og:image:width\" content=\"398\" \/>\n\t<meta property=\"og:image:height\" content=\"390\" \/>\n\t<meta property=\"og:image:type\" content=\"image\/png\" \/>\n<meta name=\"twitter:card\" content=\"summary_large_image\" \/>\n<meta name=\"twitter:site\" content=\"@VisualbitLda\" \/>\n<meta name=\"twitter:label1\" content=\"Tempo estimado de leitura\" \/>\n\t<meta name=\"twitter:data1\" content=\"1 minuto\" \/>\n<script type=\"application\/ld+json\" class=\"yoast-schema-graph\">{\"@context\":\"https:\/\/schema.org\",\"@graph\":[{\"@type\":\"WebPage\",\"@id\":\"https:\/\/visualbit.pt\/pt\/produto\/kiosk-sam4s-21-5\/\",\"url\":\"https:\/\/visualbit.pt\/pt\/produto\/kiosk-sam4s-21-5\/\",\"name\":\"Kiosk Sam4s 21.5'' - Visualbit\",\"isPartOf\":{\"@id\":\"https:\/\/visualbit.pt\/pt\/#website\"},\"primaryImageOfPage\":{\"@id\":\"https:\/\/visualbit.pt\/pt\/produto\/kiosk-sam4s-21-5\/#primaryimage\"},\"image\":{\"@id\":\"https:\/\/visualbit.pt\/produto\/kiosk-sam4s-21-5\/#primaryimage\"},\"thumbnailUrl\":\"https:\/\/visualbit.pt\/wp-content\/uploads\/2023\/10\/kiosk-imagens-site-1.png\",\"datePublished\":\"2023-10-23T09:54:27+00:00\",\"dateModified\":\"2023-10-23T16:08:06+00:00\",\"description\":\"Projetado para equipar os aspetos mais importantes do Kiosk, confiabilidade e estabilidade. Com um DESIGN LUXUOSO E DE TAMANHO COMPACTO.\",\"breadcrumb\":{\"@id\":\"https:\/\/visualbit.pt\/pt\/produto\/kiosk-sam4s-21-5\/#breadcrumb\"},\"inLanguage\":\"pt-PT\",\"potentialAction\":[{\"@type\":\"ReadAction\",\"target\":[[\"https:\/\/visualbit.pt\/pt\/produto\/kiosk-sam4s-21-5\/\"]]}]},{\"@type\":\"ImageObject\",\"inLanguage\":\"pt-PT\",\"@id\":\"https:\/\/visualbit.pt\/pt\/produto\/kiosk-sam4s-21-5\/#primaryimage\",\"url\":\"https:\/\/visualbit.pt\/wp-content\/uploads\/2023\/10\/kiosk-imagens-site-1.png\",\"contentUrl\":\"https:\/\/visualbit.pt\/wp-content\/uploads\/2023\/10\/kiosk-imagens-site-1.png\",\"width\":398,\"height\":390,\"caption\":\"Kiosk\"},{\"@type\":\"BreadcrumbList\",\"@id\":\"https:\/\/visualbit.pt\/pt\/produto\/kiosk-sam4s-21-5\/#breadcrumb\",\"itemListElement\":[{\"@type\":\"ListItem\",\"position\":1,\"name\":\"In\u00edcio\",\"item\":\"https:\/\/visualbit.pt\/pt\/\"},{\"@type\":\"ListItem\",\"position\":2,\"name\":\"Loja\",\"item\":\"https:\/\/visualbit.pt\/pt\/loja\/\"},{\"@type\":\"ListItem\",\"position\":3,\"name\":\"Kiosk Sam4s 21.5&#8221;\"}]},{\"@type\":\"WebSite\",\"@id\":\"https:\/\/visualbit.pt\/pt\/#website\",\"url\":\"https:\/\/visualbit.pt\/pt\/\",\"name\":\"Visualbit\",\"description\":\"Sistemas Inform&aacute;ticos\",\"publisher\":{\"@id\":\"https:\/\/visualbit.pt\/pt\/#organization\"},\"potentialAction\":[{\"@type\":\"SearchAction\",\"target\":{\"@type\":\"EntryPoint\",\"urlTemplate\":\"https:\/\/visualbit.pt\/pt\/?s={search_term_string}\"},\"query-input\":\"required name=search_term_string\"}],\"inLanguage\":\"pt-PT\"},{\"@type\":\"Organization\",\"@id\":\"https:\/\/visualbit.pt\/pt\/#organization\",\"name\":\"Visualbit\",\"url\":\"https:\/\/visualbit.pt\/pt\/\",\"logo\":{\"@type\":\"ImageObject\",\"inLanguage\":\"pt-PT\",\"@id\":\"https:\/\/visualbit.pt\/pt\/#\/schema\/logo\/image\/\",\"url\":\"https:\/\/visualbit.pt\/wp-content\/uploads\/2023\/10\/Logo-Visualbit.png\",\"contentUrl\":\"https:\/\/visualbit.pt\/wp-content\/uploads\/2023\/10\/Logo-Visualbit.png\",\"width\":1407,\"height\":630,\"caption\":\"Visualbit\"},\"image\":{\"@id\":\"https:\/\/visualbit.pt\/pt\/#\/schema\/logo\/image\/\"},\"sameAs\":[\"https:\/\/www.facebook.com\/visualbitlda\",\"https:\/\/twitter.com\/VisualbitLda\",\"https:\/\/pt.linkedin.com\/in\/renato-martins-48454b56\"]}]}<\/script>\n<!-- \/ Yoast SEO plugin. -->","yoast_head_json":{"title":"Kiosk Sam4s 21.5'' - Visualbit","description":"Projetado para equipar os aspetos mais importantes do Kiosk, confiabilidade e estabilidade. Com um DESIGN LUXUOSO E DE TAMANHO COMPACTO.","robots":{"index":"index","follow":"follow","max-snippet":"max-snippet:-1","max-image-preview":"max-image-preview:large","max-video-preview":"max-video-preview:-1"},"canonical":"https:\/\/visualbit.pt\/pt\/produto\/kiosk-sam4s-21-5\/","og_locale":"pt_PT","og_type":"article","og_title":"Kiosk Sam4s 21.5'' - Visualbit","og_description":"Projetado para equipar os aspetos mais importantes do Kiosk, confiabilidade e estabilidade. Com um DESIGN LUXUOSO E DE TAMANHO COMPACTO.","og_url":"https:\/\/visualbit.pt\/pt\/produto\/kiosk-sam4s-21-5\/","og_site_name":"Visualbit","article_publisher":"https:\/\/www.facebook.com\/visualbitlda","article_modified_time":"2023-10-23T16:08:06+00:00","og_image":[{"width":398,"height":390,"url":"https:\/\/visualbit.pt\/wp-content\/uploads\/2023\/10\/kiosk-imagens-site-1.png","type":"image\/png"}],"twitter_card":"summary_large_image","twitter_site":"@VisualbitLda","twitter_misc":{"Tempo estimado de leitura":"1 minuto"},"schema":{"@context":"https:\/\/schema.org","@graph":[{"@type":"WebPage","@id":"https:\/\/visualbit.pt\/pt\/produto\/kiosk-sam4s-21-5\/","url":"https:\/\/visualbit.pt\/pt\/produto\/kiosk-sam4s-21-5\/","name":"Kiosk Sam4s 21.5'' - Visualbit","isPartOf":{"@id":"https:\/\/visualbit.pt\/pt\/#website"},"primaryImageOfPage":{"@id":"https:\/\/visualbit.pt\/pt\/produto\/kiosk-sam4s-21-5\/#primaryimage"},"image":{"@id":"https:\/\/visualbit.pt\/produto\/kiosk-sam4s-21-5\/#primaryimage"},"thumbnailUrl":"https:\/\/visualbit.pt\/wp-content\/uploads\/2023\/10\/kiosk-imagens-site-1.png","datePublished":"2023-10-23T09:54:27+00:00","dateModified":"2023-10-23T16:08:06+00:00","description":"Projetado para equipar os aspetos mais importantes do Kiosk, confiabilidade e estabilidade. Com um DESIGN LUXUOSO E DE TAMANHO COMPACTO.","breadcrumb":{"@id":"https:\/\/visualbit.pt\/pt\/produto\/kiosk-sam4s-21-5\/#breadcrumb"},"inLanguage":"pt-PT","potentialAction":[{"@type":"ReadAction","target":[["https:\/\/visualbit.pt\/pt\/produto\/kiosk-sam4s-21-5\/"]]}]},{"@type":"ImageObject","inLanguage":"pt-PT","@id":"https:\/\/visualbit.pt\/pt\/produto\/kiosk-sam4s-21-5\/#primaryimage","url":"https:\/\/visualbit.pt\/wp-content\/uploads\/2023\/10\/kiosk-imagens-site-1.png","contentUrl":"https:\/\/visualbit.pt\/wp-content\/uploads\/2023\/10\/kiosk-imagens-site-1.png","width":398,"height":390,"caption":"Kiosk"},{"@type":"BreadcrumbList","@id":"https:\/\/visualbit.pt\/pt\/produto\/kiosk-sam4s-21-5\/#breadcrumb","itemListElement":[{"@type":"ListItem","position":1,"name":"In\u00edcio","item":"https:\/\/visualbit.pt\/pt\/"},{"@type":"ListItem","position":2,"name":"Loja","item":"https:\/\/visualbit.pt\/pt\/loja\/"},{"@type":"ListItem","position":3,"name":"Kiosk Sam4s 21.5&#8221;"}]},{"@type":"WebSite","@id":"https:\/\/visualbit.pt\/pt\/#website","url":"https:\/\/visualbit.pt\/pt\/","name":"Visualbit","description":"Sistemas Inform&aacute;ticos","publisher":{"@id":"https:\/\/visualbit.pt\/pt\/#organization"},"potentialAction":[{"@type":"SearchAction","target":{"@type":"EntryPoint","urlTemplate":"https:\/\/visualbit.pt\/pt\/?s={search_term_string}"},"query-input":"required name=search_term_string"}],"inLanguage":"pt-PT"},{"@type":"Organization","@id":"https:\/\/visualbit.pt\/pt\/#organization","name":"Visualbit","url":"https:\/\/visualbit.pt\/pt\/","logo":{"@type":"ImageObject","inLanguage":"pt-PT","@id":"https:\/\/visualbit.pt\/pt\/#\/schema\/logo\/image\/","url":"https:\/\/visualbit.pt\/wp-content\/uploads\/2023\/10\/Logo-Visualbit.png","contentUrl":"https:\/\/visualbit.pt\/wp-content\/uploads\/2023\/10\/Logo-Visualbit.png","width":1407,"height":630,"caption":"Visualbit"},"image":{"@id":"https:\/\/visualbit.pt\/pt\/#\/schema\/logo\/image\/"},"sameAs":["https:\/\/www.facebook.com\/visualbitlda","https:\/\/twitter.com\/VisualbitLda","https:\/\/pt.linkedin.com\/in\/renato-martins-48454b56"]}]}},"_links":{"self":[{"href":"https:\/\/visualbit.pt\/pt\/wp-json\/wp\/v2\/product\/7028","targetHints":{"allow":["GET"]}}],"collection":[{"href":"https:\/\/visualbit.pt\/pt\/wp-json\/wp\/v2\/product"}],"about":[{"href":"https:\/\/visualbit.pt\/pt\/wp-json\/wp\/v2\/types\/product"}],"wp:featuredmedia":[{"embeddable":true,"href":"https:\/\/visualbit.pt\/pt\/wp-json\/wp\/v2\/media\/7029"}],"wp:attachment":[{"href":"https:\/\/visualbit.pt\/pt\/wp-json\/wp\/v2\/media?parent=7028"}],"wp:term":[{"taxonomy":"product_cat","embeddable":true,"href":"https:\/\/visualbit.pt\/pt\/wp-json\/wp\/v2\/product_cat?post=7028"},{"taxonomy":"product_tag","embeddable":true,"href":"https:\/\/visualbit.pt\/pt\/wp-json\/wp\/v2\/product_tag?post=7028"}],"curies":[{"name":"wp","href":"https:\/\/api.w.org\/{rel}","templated":true}]}}