{"id":7030,"date":"2023-10-23T09:59:58","date_gmt":"2023-10-23T09:59:58","guid":{"rendered":"https:\/\/visualbit.pt\/?post_type=product&#038;p=7030"},"modified":"2023-10-23T16:06:37","modified_gmt":"2023-10-23T16:06:37","slug":"cashmatic-selfpay-660","status":"publish","type":"product","link":"https:\/\/visualbit.pt\/pt\/produto\/cashmatic-selfpay-660\/","title":{"rendered":"Cashmatic Selfpay 660"},"content":{"rendered":"<p>Cashmatic SelfPay 660 permite a gest\u00e3o de pagamentos em numer\u00e1rio e a devolu\u00e7\u00e3o autom\u00e1tica de trocos em qualquer tipo de caixa.Fi\u00e1vel e compacto, garante um bom desempenho em termos de gest\u00e3o do fluxo de caixa, aceita\u00e7\u00e3o de dinheiro e velocidade de devolu\u00e7\u00e3o de trocos. Por estas raz\u00f5es, \u00e9 adequado para todos os tipos de retalhistas tradicionais.<\/p>\n<ul class=\"no-inline\">\n<li>estrutura de a\u00e7o de 2 mm de espessura.<\/li>\n<li>Aviso de presen\u00e7a da m\u00e1quina autom\u00e1tica Cashmatic.<\/li>\n<li>Suporte de ancoragem do contador.<\/li>\n<li>Gaveta de dinheiro que n\u00e3o pode ser aberta pelo operador.<\/li>\n<li>Dispositivos certificados pelo BCE (Banco Central Europeu) para a detec\u00e7\u00e3o de dinheiro falso.<\/li>\n<\/ul>\n<p><\/p>","protected":false},"excerpt":{"rendered":"<p>Cashmatic SelfPay 660 \u00e9 a caixa autom\u00e1tica inteligente com um design compacto e vers\u00e1til, capaz de garantir uma gest\u00e3o de fluxo de caixa r\u00e1pida e confi\u00e1vel e se adaptar a todos os operador tradicionais.<\/p>\n","protected":false},"featured_media":7031,"template":"","meta":{"_exactmetrics_skip_tracking":false,"_exactmetrics_sitenote_active":false,"_exactmetrics_sitenote_note":"","_exactmetrics_sitenote_category":0,"_themeisle_gutenberg_block_has_review":false},"product_cat":[65],"product_tag":[],"class_list":{"0":"post-7030","1":"product","2":"type-product","3":"status-publish","4":"has-post-thumbnail","6":"product_cat-gestao-automatica-de-caixa","8":"first","9":"onbackorder","10":"shipping-taxable","11":"product-type-simple"},"yoast_head":"<!-- This site is optimized with the Yoast SEO plugin v22.2 - https:\/\/yoast.com\/wordpress\/plugins\/seo\/ -->\n<title>Cashmatic Selfpay 660 - Visualbit<\/title>\n<meta name=\"description\" content=\"Cashmatic SelfPay 660 \u00e9 a caixa autom\u00e1tica inteligente com um design compacto e vers\u00e1til, capaz de garantir uma gest\u00e3o de fluxo de caixa r\u00e1pida e confi\u00e1vel.\" \/>\n<meta name=\"robots\" content=\"index, follow, max-snippet:-1, max-image-preview:large, max-video-preview:-1\" \/>\n<link rel=\"canonical\" href=\"https:\/\/visualbit.pt\/pt\/produto\/cashmatic-selfpay-660\/\" \/>\n<meta property=\"og:locale\" content=\"pt_PT\" \/>\n<meta property=\"og:type\" content=\"article\" \/>\n<meta property=\"og:title\" content=\"Cashmatic Selfpay 660 - Visualbit\" \/>\n<meta property=\"og:description\" content=\"Cashmatic SelfPay 660 \u00e9 a caixa autom\u00e1tica inteligente com um design compacto e vers\u00e1til, capaz de garantir uma gest\u00e3o de fluxo de caixa r\u00e1pida e confi\u00e1vel.\" \/>\n<meta property=\"og:url\" content=\"https:\/\/visualbit.pt\/pt\/produto\/cashmatic-selfpay-660\/\" \/>\n<meta property=\"og:site_name\" content=\"Visualbit\" \/>\n<meta property=\"article:publisher\" content=\"https:\/\/www.facebook.com\/visualbitlda\" \/>\n<meta property=\"article:modified_time\" content=\"2023-10-23T16:06:37+00:00\" \/>\n<meta property=\"og:image\" content=\"https:\/\/visualbit.pt\/wp-content\/uploads\/2023\/10\/cashmatic_600.png\" \/>\n\t<meta property=\"og:image:width\" content=\"560\" \/>\n\t<meta property=\"og:image:height\" content=\"868\" \/>\n\t<meta property=\"og:image:type\" content=\"image\/png\" \/>\n<meta name=\"twitter:card\" content=\"summary_large_image\" \/>\n<meta name=\"twitter:site\" content=\"@VisualbitLda\" \/>\n<meta name=\"twitter:label1\" content=\"Tempo estimado de leitura\" \/>\n\t<meta name=\"twitter:data1\" content=\"1 minuto\" \/>\n<script type=\"application\/ld+json\" class=\"yoast-schema-graph\">{\"@context\":\"https:\/\/schema.org\",\"@graph\":[{\"@type\":\"WebPage\",\"@id\":\"https:\/\/visualbit.pt\/pt\/produto\/cashmatic-selfpay-660\/\",\"url\":\"https:\/\/visualbit.pt\/pt\/produto\/cashmatic-selfpay-660\/\",\"name\":\"Cashmatic Selfpay 660 - Visualbit\",\"isPartOf\":{\"@id\":\"https:\/\/visualbit.pt\/pt\/#website\"},\"primaryImageOfPage\":{\"@id\":\"https:\/\/visualbit.pt\/pt\/produto\/cashmatic-selfpay-660\/#primaryimage\"},\"image\":{\"@id\":\"https:\/\/visualbit.pt\/produto\/cashmatic-selfpay-660\/#primaryimage\"},\"thumbnailUrl\":\"https:\/\/visualbit.pt\/wp-content\/uploads\/2023\/10\/cashmatic_600.png\",\"datePublished\":\"2023-10-23T09:59:58+00:00\",\"dateModified\":\"2023-10-23T16:06:37+00:00\",\"description\":\"Cashmatic SelfPay 660 \u00e9 a caixa autom\u00e1tica inteligente com um design compacto e vers\u00e1til, capaz de garantir uma gest\u00e3o de fluxo de caixa r\u00e1pida e confi\u00e1vel.\",\"breadcrumb\":{\"@id\":\"https:\/\/visualbit.pt\/pt\/produto\/cashmatic-selfpay-660\/#breadcrumb\"},\"inLanguage\":\"pt-PT\",\"potentialAction\":[{\"@type\":\"ReadAction\",\"target\":[[\"https:\/\/visualbit.pt\/pt\/produto\/cashmatic-selfpay-660\/\"]]}]},{\"@type\":\"ImageObject\",\"inLanguage\":\"pt-PT\",\"@id\":\"https:\/\/visualbit.pt\/pt\/produto\/cashmatic-selfpay-660\/#primaryimage\",\"url\":\"https:\/\/visualbit.pt\/wp-content\/uploads\/2023\/10\/cashmatic_600.png\",\"contentUrl\":\"https:\/\/visualbit.pt\/wp-content\/uploads\/2023\/10\/cashmatic_600.png\",\"width\":560,\"height\":868,\"caption\":\"Cashmatic Selfpay 600\"},{\"@type\":\"BreadcrumbList\",\"@id\":\"https:\/\/visualbit.pt\/pt\/produto\/cashmatic-selfpay-660\/#breadcrumb\",\"itemListElement\":[{\"@type\":\"ListItem\",\"position\":1,\"name\":\"In\u00edcio\",\"item\":\"https:\/\/visualbit.pt\/pt\/\"},{\"@type\":\"ListItem\",\"position\":2,\"name\":\"Loja\",\"item\":\"https:\/\/visualbit.pt\/pt\/loja\/\"},{\"@type\":\"ListItem\",\"position\":3,\"name\":\"Cashmatic Selfpay 660\"}]},{\"@type\":\"WebSite\",\"@id\":\"https:\/\/visualbit.pt\/pt\/#website\",\"url\":\"https:\/\/visualbit.pt\/pt\/\",\"name\":\"Visualbit\",\"description\":\"Sistemas Inform&aacute;ticos\",\"publisher\":{\"@id\":\"https:\/\/visualbit.pt\/pt\/#organization\"},\"potentialAction\":[{\"@type\":\"SearchAction\",\"target\":{\"@type\":\"EntryPoint\",\"urlTemplate\":\"https:\/\/visualbit.pt\/pt\/?s={search_term_string}\"},\"query-input\":\"required name=search_term_string\"}],\"inLanguage\":\"pt-PT\"},{\"@type\":\"Organization\",\"@id\":\"https:\/\/visualbit.pt\/pt\/#organization\",\"name\":\"Visualbit\",\"url\":\"https:\/\/visualbit.pt\/pt\/\",\"logo\":{\"@type\":\"ImageObject\",\"inLanguage\":\"pt-PT\",\"@id\":\"https:\/\/visualbit.pt\/pt\/#\/schema\/logo\/image\/\",\"url\":\"https:\/\/visualbit.pt\/wp-content\/uploads\/2023\/10\/Logo-Visualbit.png\",\"contentUrl\":\"https:\/\/visualbit.pt\/wp-content\/uploads\/2023\/10\/Logo-Visualbit.png\",\"width\":1407,\"height\":630,\"caption\":\"Visualbit\"},\"image\":{\"@id\":\"https:\/\/visualbit.pt\/pt\/#\/schema\/logo\/image\/\"},\"sameAs\":[\"https:\/\/www.facebook.com\/visualbitlda\",\"https:\/\/twitter.com\/VisualbitLda\",\"https:\/\/pt.linkedin.com\/in\/renato-martins-48454b56\"]}]}<\/script>\n<!-- \/ Yoast SEO plugin. -->","yoast_head_json":{"title":"Cashmatic Selfpay 660 - Visualbit","description":"Cashmatic SelfPay 660 \u00e9 a caixa autom\u00e1tica inteligente com um design compacto e vers\u00e1til, capaz de garantir uma gest\u00e3o de fluxo de caixa r\u00e1pida e confi\u00e1vel.","robots":{"index":"index","follow":"follow","max-snippet":"max-snippet:-1","max-image-preview":"max-image-preview:large","max-video-preview":"max-video-preview:-1"},"canonical":"https:\/\/visualbit.pt\/pt\/produto\/cashmatic-selfpay-660\/","og_locale":"pt_PT","og_type":"article","og_title":"Cashmatic Selfpay 660 - Visualbit","og_description":"Cashmatic SelfPay 660 \u00e9 a caixa autom\u00e1tica inteligente com um design compacto e vers\u00e1til, capaz de garantir uma gest\u00e3o de fluxo de caixa r\u00e1pida e confi\u00e1vel.","og_url":"https:\/\/visualbit.pt\/pt\/produto\/cashmatic-selfpay-660\/","og_site_name":"Visualbit","article_publisher":"https:\/\/www.facebook.com\/visualbitlda","article_modified_time":"2023-10-23T16:06:37+00:00","og_image":[{"width":560,"height":868,"url":"https:\/\/visualbit.pt\/wp-content\/uploads\/2023\/10\/cashmatic_600.png","type":"image\/png"}],"twitter_card":"summary_large_image","twitter_site":"@VisualbitLda","twitter_misc":{"Tempo estimado de leitura":"1 minuto"},"schema":{"@context":"https:\/\/schema.org","@graph":[{"@type":"WebPage","@id":"https:\/\/visualbit.pt\/pt\/produto\/cashmatic-selfpay-660\/","url":"https:\/\/visualbit.pt\/pt\/produto\/cashmatic-selfpay-660\/","name":"Cashmatic Selfpay 660 - Visualbit","isPartOf":{"@id":"https:\/\/visualbit.pt\/pt\/#website"},"primaryImageOfPage":{"@id":"https:\/\/visualbit.pt\/pt\/produto\/cashmatic-selfpay-660\/#primaryimage"},"image":{"@id":"https:\/\/visualbit.pt\/produto\/cashmatic-selfpay-660\/#primaryimage"},"thumbnailUrl":"https:\/\/visualbit.pt\/wp-content\/uploads\/2023\/10\/cashmatic_600.png","datePublished":"2023-10-23T09:59:58+00:00","dateModified":"2023-10-23T16:06:37+00:00","description":"Cashmatic SelfPay 660 \u00e9 a caixa autom\u00e1tica inteligente com um design compacto e vers\u00e1til, capaz de garantir uma gest\u00e3o de fluxo de caixa r\u00e1pida e confi\u00e1vel.","breadcrumb":{"@id":"https:\/\/visualbit.pt\/pt\/produto\/cashmatic-selfpay-660\/#breadcrumb"},"inLanguage":"pt-PT","potentialAction":[{"@type":"ReadAction","target":[["https:\/\/visualbit.pt\/pt\/produto\/cashmatic-selfpay-660\/"]]}]},{"@type":"ImageObject","inLanguage":"pt-PT","@id":"https:\/\/visualbit.pt\/pt\/produto\/cashmatic-selfpay-660\/#primaryimage","url":"https:\/\/visualbit.pt\/wp-content\/uploads\/2023\/10\/cashmatic_600.png","contentUrl":"https:\/\/visualbit.pt\/wp-content\/uploads\/2023\/10\/cashmatic_600.png","width":560,"height":868,"caption":"Cashmatic Selfpay 600"},{"@type":"BreadcrumbList","@id":"https:\/\/visualbit.pt\/pt\/produto\/cashmatic-selfpay-660\/#breadcrumb","itemListElement":[{"@type":"ListItem","position":1,"name":"In\u00edcio","item":"https:\/\/visualbit.pt\/pt\/"},{"@type":"ListItem","position":2,"name":"Loja","item":"https:\/\/visualbit.pt\/pt\/loja\/"},{"@type":"ListItem","position":3,"name":"Cashmatic Selfpay 660"}]},{"@type":"WebSite","@id":"https:\/\/visualbit.pt\/pt\/#website","url":"https:\/\/visualbit.pt\/pt\/","name":"Visualbit","description":"Sistemas Inform&aacute;ticos","publisher":{"@id":"https:\/\/visualbit.pt\/pt\/#organization"},"potentialAction":[{"@type":"SearchAction","target":{"@type":"EntryPoint","urlTemplate":"https:\/\/visualbit.pt\/pt\/?s={search_term_string}"},"query-input":"required name=search_term_string"}],"inLanguage":"pt-PT"},{"@type":"Organization","@id":"https:\/\/visualbit.pt\/pt\/#organization","name":"Visualbit","url":"https:\/\/visualbit.pt\/pt\/","logo":{"@type":"ImageObject","inLanguage":"pt-PT","@id":"https:\/\/visualbit.pt\/pt\/#\/schema\/logo\/image\/","url":"https:\/\/visualbit.pt\/wp-content\/uploads\/2023\/10\/Logo-Visualbit.png","contentUrl":"https:\/\/visualbit.pt\/wp-content\/uploads\/2023\/10\/Logo-Visualbit.png","width":1407,"height":630,"caption":"Visualbit"},"image":{"@id":"https:\/\/visualbit.pt\/pt\/#\/schema\/logo\/image\/"},"sameAs":["https:\/\/www.facebook.com\/visualbitlda","https:\/\/twitter.com\/VisualbitLda","https:\/\/pt.linkedin.com\/in\/renato-martins-48454b56"]}]}},"_links":{"self":[{"href":"https:\/\/visualbit.pt\/pt\/wp-json\/wp\/v2\/product\/7030","targetHints":{"allow":["GET"]}}],"collection":[{"href":"https:\/\/visualbit.pt\/pt\/wp-json\/wp\/v2\/product"}],"about":[{"href":"https:\/\/visualbit.pt\/pt\/wp-json\/wp\/v2\/types\/product"}],"wp:featuredmedia":[{"embeddable":true,"href":"https:\/\/visualbit.pt\/pt\/wp-json\/wp\/v2\/media\/7031"}],"wp:attachment":[{"href":"https:\/\/visualbit.pt\/pt\/wp-json\/wp\/v2\/media?parent=7030"}],"wp:term":[{"taxonomy":"product_cat","embeddable":true,"href":"https:\/\/visualbit.pt\/pt\/wp-json\/wp\/v2\/product_cat?post=7030"},{"taxonomy":"product_tag","embeddable":true,"href":"https:\/\/visualbit.pt\/pt\/wp-json\/wp\/v2\/product_tag?post=7030"}],"curies":[{"name":"wp","href":"https:\/\/api.w.org\/{rel}","templated":true}]}}