{"id":7040,"date":"2023-10-23T10:11:23","date_gmt":"2023-10-23T10:11:23","guid":{"rendered":"https:\/\/visualbit.pt\/?post_type=product&#038;p=7040"},"modified":"2023-10-23T16:03:15","modified_gmt":"2023-10-23T16:03:15","slug":"forza-i3","status":"publish","type":"product","link":"https:\/\/visualbit.pt\/pt\/produto\/forza-i3\/","title":{"rendered":"Forza i3"},"content":{"rendered":"<p><\/p>\n<h3>ESPECIFICA\u00c7\u00d5ES<\/h3>\n<p>&nbsp;<\/p>\n<table border=\"0\" width=\"850\">\n<tbody>\n<tr>\n<td>CPU<\/td>\n<td><\/td>\n<td>7th Core i3 7100U<\/td>\n<\/tr>\n<tr>\n<td>Armazenamento<\/td>\n<td><\/td>\n<td>SSD 128 GB<\/td>\n<\/tr>\n<tr>\n<td>RAM<\/td>\n<td><\/td>\n<td>4 GB DDRIV 2 slot (at\u00e9 32GB)<\/td>\n<\/tr>\n<tr>\n<td>Interface<\/td>\n<td><\/td>\n<td>6 USB, 4 S\u00e9rie (3 D-Sub9, 1 RJ45) 1 Ethernet<br \/>\n1 Gaveta,\u00a0 2 Video (DP1, HDMI 1), 1 Audio<\/td>\n<\/tr>\n<tr>\n<td>Dimens\u00f5es<\/td>\n<td><\/td>\n<td>355*215*432mm<\/td>\n<\/tr>\n<\/tbody>\n<\/table>\n<p><\/p>","protected":false},"excerpt":{"rendered":"<p>Tire proveito de um excelente, flex\u00edvel e poderoso POS. Mantenha-se competitivo com a tecnologia que pode impulsionar os seus neg\u00f3cios. FORZA \u00e9 o novo terminal da SAM4S, com baixo consumo energ\u00e9tico e CPU de alta performance num design moderno e inovador. De f\u00e1cil instala\u00e7\u00e3o e conveniente para manuten\u00e7\u00e3o \u00e9 a solu\u00e7\u00e3o ideal para os mais diversos sectores de atividade.<\/p>\n","protected":false},"featured_media":7041,"template":"","meta":{"_exactmetrics_skip_tracking":false,"_exactmetrics_sitenote_active":false,"_exactmetrics_sitenote_note":"","_exactmetrics_sitenote_category":0,"_themeisle_gutenberg_block_has_review":false},"product_cat":[68],"product_tag":[],"class_list":{"0":"post-7040","1":"product","2":"type-product","3":"status-publish","4":"has-post-thumbnail","6":"product_cat-pos","8":"first","9":"onbackorder","10":"shipping-taxable","11":"product-type-simple"},"yoast_head":"<!-- This site is optimized with the Yoast SEO plugin v22.2 - https:\/\/yoast.com\/wordpress\/plugins\/seo\/ -->\n<title>Forza i3 - Visualbit<\/title>\n<meta name=\"description\" content=\"Tire proveito de um excelente, flex\u00edvel e poderoso POS. Mantenha-se competitivo com a tecnologia que pode impulsionar os seus neg\u00f3cios.\" \/>\n<meta name=\"robots\" content=\"index, follow, max-snippet:-1, max-image-preview:large, max-video-preview:-1\" \/>\n<link rel=\"canonical\" href=\"https:\/\/visualbit.pt\/pt\/produto\/forza-i3\/\" \/>\n<meta property=\"og:locale\" content=\"pt_PT\" \/>\n<meta property=\"og:type\" content=\"article\" \/>\n<meta property=\"og:title\" content=\"Forza i3 - Visualbit\" \/>\n<meta property=\"og:description\" content=\"Tire proveito de um excelente, flex\u00edvel e poderoso POS. Mantenha-se competitivo com a tecnologia que pode impulsionar os seus neg\u00f3cios.\" \/>\n<meta property=\"og:url\" content=\"https:\/\/visualbit.pt\/pt\/produto\/forza-i3\/\" \/>\n<meta property=\"og:site_name\" content=\"Visualbit\" \/>\n<meta property=\"article:publisher\" content=\"https:\/\/www.facebook.com\/visualbitlda\" \/>\n<meta property=\"article:modified_time\" content=\"2023-10-23T16:03:15+00:00\" \/>\n<meta property=\"og:image\" content=\"https:\/\/visualbit.pt\/wp-content\/uploads\/2023\/10\/forza-i3-imagens-site-1a.png\" \/>\n\t<meta property=\"og:image:width\" content=\"398\" \/>\n\t<meta property=\"og:image:height\" content=\"390\" \/>\n\t<meta property=\"og:image:type\" content=\"image\/png\" \/>\n<meta name=\"twitter:card\" content=\"summary_large_image\" \/>\n<meta name=\"twitter:site\" content=\"@VisualbitLda\" \/>\n<meta name=\"twitter:label1\" content=\"Tempo estimado de leitura\" \/>\n\t<meta name=\"twitter:data1\" content=\"1 minuto\" \/>\n<script type=\"application\/ld+json\" class=\"yoast-schema-graph\">{\"@context\":\"https:\/\/schema.org\",\"@graph\":[{\"@type\":\"WebPage\",\"@id\":\"https:\/\/visualbit.pt\/pt\/produto\/forza-i3\/\",\"url\":\"https:\/\/visualbit.pt\/pt\/produto\/forza-i3\/\",\"name\":\"Forza i3 - Visualbit\",\"isPartOf\":{\"@id\":\"https:\/\/visualbit.pt\/pt\/#website\"},\"primaryImageOfPage\":{\"@id\":\"https:\/\/visualbit.pt\/pt\/produto\/forza-i3\/#primaryimage\"},\"image\":{\"@id\":\"https:\/\/visualbit.pt\/produto\/forza-i3\/#primaryimage\"},\"thumbnailUrl\":\"https:\/\/visualbit.pt\/wp-content\/uploads\/2023\/10\/forza-i3-imagens-site-1a.png\",\"datePublished\":\"2023-10-23T10:11:23+00:00\",\"dateModified\":\"2023-10-23T16:03:15+00:00\",\"description\":\"Tire proveito de um excelente, flex\u00edvel e poderoso POS. Mantenha-se competitivo com a tecnologia que pode impulsionar os seus neg\u00f3cios.\",\"breadcrumb\":{\"@id\":\"https:\/\/visualbit.pt\/pt\/produto\/forza-i3\/#breadcrumb\"},\"inLanguage\":\"pt-PT\",\"potentialAction\":[{\"@type\":\"ReadAction\",\"target\":[[\"https:\/\/visualbit.pt\/pt\/produto\/forza-i3\/\"]]}]},{\"@type\":\"ImageObject\",\"inLanguage\":\"pt-PT\",\"@id\":\"https:\/\/visualbit.pt\/pt\/produto\/forza-i3\/#primaryimage\",\"url\":\"https:\/\/visualbit.pt\/wp-content\/uploads\/2023\/10\/forza-i3-imagens-site-1a.png\",\"contentUrl\":\"https:\/\/visualbit.pt\/wp-content\/uploads\/2023\/10\/forza-i3-imagens-site-1a.png\",\"width\":398,\"height\":390,\"caption\":\"Forza i3\"},{\"@type\":\"BreadcrumbList\",\"@id\":\"https:\/\/visualbit.pt\/pt\/produto\/forza-i3\/#breadcrumb\",\"itemListElement\":[{\"@type\":\"ListItem\",\"position\":1,\"name\":\"In\u00edcio\",\"item\":\"https:\/\/visualbit.pt\/pt\/\"},{\"@type\":\"ListItem\",\"position\":2,\"name\":\"Loja\",\"item\":\"https:\/\/visualbit.pt\/pt\/loja\/\"},{\"@type\":\"ListItem\",\"position\":3,\"name\":\"Forza i3\"}]},{\"@type\":\"WebSite\",\"@id\":\"https:\/\/visualbit.pt\/pt\/#website\",\"url\":\"https:\/\/visualbit.pt\/pt\/\",\"name\":\"Visualbit\",\"description\":\"Sistemas Inform&aacute;ticos\",\"publisher\":{\"@id\":\"https:\/\/visualbit.pt\/pt\/#organization\"},\"potentialAction\":[{\"@type\":\"SearchAction\",\"target\":{\"@type\":\"EntryPoint\",\"urlTemplate\":\"https:\/\/visualbit.pt\/pt\/?s={search_term_string}\"},\"query-input\":\"required name=search_term_string\"}],\"inLanguage\":\"pt-PT\"},{\"@type\":\"Organization\",\"@id\":\"https:\/\/visualbit.pt\/pt\/#organization\",\"name\":\"Visualbit\",\"url\":\"https:\/\/visualbit.pt\/pt\/\",\"logo\":{\"@type\":\"ImageObject\",\"inLanguage\":\"pt-PT\",\"@id\":\"https:\/\/visualbit.pt\/pt\/#\/schema\/logo\/image\/\",\"url\":\"https:\/\/visualbit.pt\/wp-content\/uploads\/2023\/10\/Logo-Visualbit.png\",\"contentUrl\":\"https:\/\/visualbit.pt\/wp-content\/uploads\/2023\/10\/Logo-Visualbit.png\",\"width\":1407,\"height\":630,\"caption\":\"Visualbit\"},\"image\":{\"@id\":\"https:\/\/visualbit.pt\/pt\/#\/schema\/logo\/image\/\"},\"sameAs\":[\"https:\/\/www.facebook.com\/visualbitlda\",\"https:\/\/twitter.com\/VisualbitLda\",\"https:\/\/pt.linkedin.com\/in\/renato-martins-48454b56\"]}]}<\/script>\n<!-- \/ Yoast SEO plugin. -->","yoast_head_json":{"title":"Forza i3 - Visualbit","description":"Tire proveito de um excelente, flex\u00edvel e poderoso POS. Mantenha-se competitivo com a tecnologia que pode impulsionar os seus neg\u00f3cios.","robots":{"index":"index","follow":"follow","max-snippet":"max-snippet:-1","max-image-preview":"max-image-preview:large","max-video-preview":"max-video-preview:-1"},"canonical":"https:\/\/visualbit.pt\/pt\/produto\/forza-i3\/","og_locale":"pt_PT","og_type":"article","og_title":"Forza i3 - Visualbit","og_description":"Tire proveito de um excelente, flex\u00edvel e poderoso POS. Mantenha-se competitivo com a tecnologia que pode impulsionar os seus neg\u00f3cios.","og_url":"https:\/\/visualbit.pt\/pt\/produto\/forza-i3\/","og_site_name":"Visualbit","article_publisher":"https:\/\/www.facebook.com\/visualbitlda","article_modified_time":"2023-10-23T16:03:15+00:00","og_image":[{"width":398,"height":390,"url":"https:\/\/visualbit.pt\/wp-content\/uploads\/2023\/10\/forza-i3-imagens-site-1a.png","type":"image\/png"}],"twitter_card":"summary_large_image","twitter_site":"@VisualbitLda","twitter_misc":{"Tempo estimado de leitura":"1 minuto"},"schema":{"@context":"https:\/\/schema.org","@graph":[{"@type":"WebPage","@id":"https:\/\/visualbit.pt\/pt\/produto\/forza-i3\/","url":"https:\/\/visualbit.pt\/pt\/produto\/forza-i3\/","name":"Forza i3 - Visualbit","isPartOf":{"@id":"https:\/\/visualbit.pt\/pt\/#website"},"primaryImageOfPage":{"@id":"https:\/\/visualbit.pt\/pt\/produto\/forza-i3\/#primaryimage"},"image":{"@id":"https:\/\/visualbit.pt\/produto\/forza-i3\/#primaryimage"},"thumbnailUrl":"https:\/\/visualbit.pt\/wp-content\/uploads\/2023\/10\/forza-i3-imagens-site-1a.png","datePublished":"2023-10-23T10:11:23+00:00","dateModified":"2023-10-23T16:03:15+00:00","description":"Tire proveito de um excelente, flex\u00edvel e poderoso POS. Mantenha-se competitivo com a tecnologia que pode impulsionar os seus neg\u00f3cios.","breadcrumb":{"@id":"https:\/\/visualbit.pt\/pt\/produto\/forza-i3\/#breadcrumb"},"inLanguage":"pt-PT","potentialAction":[{"@type":"ReadAction","target":[["https:\/\/visualbit.pt\/pt\/produto\/forza-i3\/"]]}]},{"@type":"ImageObject","inLanguage":"pt-PT","@id":"https:\/\/visualbit.pt\/pt\/produto\/forza-i3\/#primaryimage","url":"https:\/\/visualbit.pt\/wp-content\/uploads\/2023\/10\/forza-i3-imagens-site-1a.png","contentUrl":"https:\/\/visualbit.pt\/wp-content\/uploads\/2023\/10\/forza-i3-imagens-site-1a.png","width":398,"height":390,"caption":"Forza i3"},{"@type":"BreadcrumbList","@id":"https:\/\/visualbit.pt\/pt\/produto\/forza-i3\/#breadcrumb","itemListElement":[{"@type":"ListItem","position":1,"name":"In\u00edcio","item":"https:\/\/visualbit.pt\/pt\/"},{"@type":"ListItem","position":2,"name":"Loja","item":"https:\/\/visualbit.pt\/pt\/loja\/"},{"@type":"ListItem","position":3,"name":"Forza i3"}]},{"@type":"WebSite","@id":"https:\/\/visualbit.pt\/pt\/#website","url":"https:\/\/visualbit.pt\/pt\/","name":"Visualbit","description":"Sistemas Inform&aacute;ticos","publisher":{"@id":"https:\/\/visualbit.pt\/pt\/#organization"},"potentialAction":[{"@type":"SearchAction","target":{"@type":"EntryPoint","urlTemplate":"https:\/\/visualbit.pt\/pt\/?s={search_term_string}"},"query-input":"required name=search_term_string"}],"inLanguage":"pt-PT"},{"@type":"Organization","@id":"https:\/\/visualbit.pt\/pt\/#organization","name":"Visualbit","url":"https:\/\/visualbit.pt\/pt\/","logo":{"@type":"ImageObject","inLanguage":"pt-PT","@id":"https:\/\/visualbit.pt\/pt\/#\/schema\/logo\/image\/","url":"https:\/\/visualbit.pt\/wp-content\/uploads\/2023\/10\/Logo-Visualbit.png","contentUrl":"https:\/\/visualbit.pt\/wp-content\/uploads\/2023\/10\/Logo-Visualbit.png","width":1407,"height":630,"caption":"Visualbit"},"image":{"@id":"https:\/\/visualbit.pt\/pt\/#\/schema\/logo\/image\/"},"sameAs":["https:\/\/www.facebook.com\/visualbitlda","https:\/\/twitter.com\/VisualbitLda","https:\/\/pt.linkedin.com\/in\/renato-martins-48454b56"]}]}},"_links":{"self":[{"href":"https:\/\/visualbit.pt\/pt\/wp-json\/wp\/v2\/product\/7040","targetHints":{"allow":["GET"]}}],"collection":[{"href":"https:\/\/visualbit.pt\/pt\/wp-json\/wp\/v2\/product"}],"about":[{"href":"https:\/\/visualbit.pt\/pt\/wp-json\/wp\/v2\/types\/product"}],"wp:featuredmedia":[{"embeddable":true,"href":"https:\/\/visualbit.pt\/pt\/wp-json\/wp\/v2\/media\/7041"}],"wp:attachment":[{"href":"https:\/\/visualbit.pt\/pt\/wp-json\/wp\/v2\/media?parent=7040"}],"wp:term":[{"taxonomy":"product_cat","embeddable":true,"href":"https:\/\/visualbit.pt\/pt\/wp-json\/wp\/v2\/product_cat?post=7040"},{"taxonomy":"product_tag","embeddable":true,"href":"https:\/\/visualbit.pt\/pt\/wp-json\/wp\/v2\/product_tag?post=7040"}],"curies":[{"name":"wp","href":"https:\/\/api.w.org\/{rel}","templated":true}]}}