{"id":7047,"date":"2023-10-23T10:15:22","date_gmt":"2023-10-23T10:15:22","guid":{"rendered":"https:\/\/visualbit.pt\/?post_type=product&#038;p=7047"},"modified":"2023-10-23T15:59:56","modified_gmt":"2023-10-23T15:59:56","slug":"giant-100","status":"publish","type":"product","link":"https:\/\/visualbit.pt\/pt\/produto\/giant-100\/","title":{"rendered":"GIANT 100"},"content":{"rendered":"<p><\/p>\n<h3>ESPECIFICA\u00c7\u00d5ES<\/h3>\n<p>&nbsp;<\/p>\n<table border=\"0\" width=\"749\">\n<tbody>\n<tr>\n<td>M\u00e9todo de Impress\u00e3o<\/td>\n<td>T\u00e9rmica.<\/td>\n<td><\/td>\n<td><\/td>\n<\/tr>\n<tr>\n<td>Velocidade de impress\u00e3o<\/td>\n<td>Papel monocromo 80mm:\u00a0m\u00e1x. 250mm\/seg. (59 linhas\/seg.)<\/td>\n<td><\/td>\n<td><\/td>\n<\/tr>\n<tr>\n<td>Resolu\u00e7\u00e3o<\/td>\n<td>180 dpi<\/td>\n<td><\/td>\n<td><\/td>\n<\/tr>\n<tr>\n<td>Largura de papel<\/td>\n<td>m\u00e1x. 80.0 mm<\/td>\n<td><\/td>\n<td><\/td>\n<\/tr>\n<tr>\n<td>Papel<\/td>\n<td>Di\u00e2metro do rolo de papel: m\u00e1x. 83.0 mm;\u00a0Carregamento:\u00a0Drop-in type<\/td>\n<td><\/td>\n<td><\/td>\n<\/tr>\n<tr>\n<td>Auto Corte<\/td>\n<td>1,500,000 Cut<\/td>\n<td><\/td>\n<td><\/td>\n<\/tr>\n<tr>\n<td>Mecanismo (MCBF)<\/td>\n<td>70,000,000 linhas<\/td>\n<td><\/td>\n<td><\/td>\n<\/tr>\n<tr>\n<td>TPH<\/td>\n<td>1 x 10^8 Pulses \/ 150Km<\/td>\n<td><\/td>\n<td><\/td>\n<\/tr>\n<tr>\n<td>C\u00f3digo de barras<\/td>\n<td>UPC-A, UPC-E, EAN8, EAN13, Code 39, Code 93,\u00a0Code 128, ITF, CODABAR, PDF417, QRCode<\/td>\n<td><\/td>\n<td><\/td>\n<\/tr>\n<tr>\n<td>Drivers<\/td>\n<td>WEPOS, POSReady2009, Windows XP Pro, Windows Vist, Windows 7 Pro, POSReady 7,Windows 8 Pro, Industry 8, OPOS, JPOS, LinuxCups, Max(OSX10.8), Android SDK<\/td>\n<td><\/td>\n<td><\/td>\n<\/tr>\n<tr>\n<td>Interface<\/td>\n<td>RS 232\/Ethernet\/USB \u00a0 | \u00a0 USB\/WiFi<\/td>\n<td><\/td>\n<td><\/td>\n<\/tr>\n<tr>\n<td>Dimens\u00f5es<\/td>\n<td>\u00a0131(L) x 155(D) x 133(A) mm<\/td>\n<td><\/td>\n<td><\/td>\n<\/tr>\n<tr>\n<td>Dimens\u00e3o<\/td>\n<td>145.5 x 185.5 x 141 (mm)<\/td>\n<td><\/td>\n<td><\/td>\n<\/tr>\n<tr>\n<td>Peso<\/td>\n<td colspan=\"3\">0,9kg<\/td>\n<\/tr>\n<tr>\n<td>\u00a0Cor<\/td>\n<td colspan=\"3\">\u00a0Preto\/branco<\/td>\n<\/tr>\n<\/tbody>\n<\/table>\n<p><\/p>","protected":false},"excerpt":{"rendered":"<p>Com um design moderno e distintivo, a impressora t\u00e9rmica GIANT -100 , de tamanho reduzido, rivaliza em performance com outras impressoras de maior dimens\u00e3o. Com uma velocidade de impress\u00e3o de 250 mm\/segundo e com um formato pequeno que ocupa pouco espa\u00e7o no balc\u00e3o, a impressora GIANT-100 oferece aos neg\u00f3cios de ponto de venda alta performance aliada a uma imagem de modernidade e eleg\u00e2ncia. &#8211; WIFI OPCIONAL &#8211; Sistema fi\u00e1vel &#8211; Velocidade de impress\u00e3o m\u00e1xima de 250mm\/seg. &#8211; Suporta uma grande diversidade de c\u00f3digos de barras, incluindo QR code.<\/p>\n","protected":false},"featured_media":7048,"template":"","meta":{"_exactmetrics_skip_tracking":false,"_exactmetrics_sitenote_active":false,"_exactmetrics_sitenote_note":"","_exactmetrics_sitenote_category":0,"_themeisle_gutenberg_block_has_review":false},"product_cat":[54,68],"product_tag":[],"class_list":{"0":"post-7047","1":"product","2":"type-product","3":"status-publish","4":"has-post-thumbnail","6":"product_cat-impressora","7":"product_cat-pos","9":"first","10":"onbackorder","11":"shipping-taxable","12":"product-type-simple"},"yoast_head":"<!-- This site is optimized with the Yoast SEO plugin v22.2 - https:\/\/yoast.com\/wordpress\/plugins\/seo\/ -->\n<title>GIANT 100 - Visualbit<\/title>\n<meta name=\"description\" content=\"Com um design moderno e distintivo, a impressora t\u00e9rmica GIANT -100 , de tamanho reduzido. Suporte de impress\u00e3o de c\u00f3digos de barras, incluindo QR code.\" \/>\n<meta name=\"robots\" content=\"index, follow, max-snippet:-1, max-image-preview:large, max-video-preview:-1\" \/>\n<link rel=\"canonical\" href=\"https:\/\/visualbit.pt\/pt\/produto\/giant-100\/\" \/>\n<meta property=\"og:locale\" content=\"pt_PT\" \/>\n<meta property=\"og:type\" content=\"article\" \/>\n<meta property=\"og:title\" content=\"GIANT 100 - Visualbit\" \/>\n<meta property=\"og:description\" content=\"Com um design moderno e distintivo, a impressora t\u00e9rmica GIANT -100 , de tamanho reduzido. Suporte de impress\u00e3o de c\u00f3digos de barras, incluindo QR code.\" \/>\n<meta property=\"og:url\" content=\"https:\/\/visualbit.pt\/pt\/produto\/giant-100\/\" \/>\n<meta property=\"og:site_name\" content=\"Visualbit\" \/>\n<meta property=\"article:publisher\" content=\"https:\/\/www.facebook.com\/visualbitlda\" \/>\n<meta property=\"article:modified_time\" content=\"2023-10-23T15:59:56+00:00\" \/>\n<meta property=\"og:image\" content=\"https:\/\/visualbit.pt\/wp-content\/uploads\/2023\/10\/giant-5-imagens-site.png\" \/>\n\t<meta property=\"og:image:width\" content=\"398\" \/>\n\t<meta property=\"og:image:height\" content=\"390\" \/>\n\t<meta property=\"og:image:type\" content=\"image\/png\" \/>\n<meta name=\"twitter:card\" content=\"summary_large_image\" \/>\n<meta name=\"twitter:site\" content=\"@VisualbitLda\" \/>\n<meta name=\"twitter:label1\" content=\"Tempo estimado de leitura\" \/>\n\t<meta name=\"twitter:data1\" content=\"1 minuto\" \/>\n<script type=\"application\/ld+json\" class=\"yoast-schema-graph\">{\"@context\":\"https:\/\/schema.org\",\"@graph\":[{\"@type\":\"WebPage\",\"@id\":\"https:\/\/visualbit.pt\/pt\/produto\/giant-100\/\",\"url\":\"https:\/\/visualbit.pt\/pt\/produto\/giant-100\/\",\"name\":\"GIANT 100 - Visualbit\",\"isPartOf\":{\"@id\":\"https:\/\/visualbit.pt\/pt\/#website\"},\"primaryImageOfPage\":{\"@id\":\"https:\/\/visualbit.pt\/pt\/produto\/giant-100\/#primaryimage\"},\"image\":{\"@id\":\"https:\/\/visualbit.pt\/produto\/giant-100\/#primaryimage\"},\"thumbnailUrl\":\"https:\/\/visualbit.pt\/wp-content\/uploads\/2023\/10\/giant-5-imagens-site.png\",\"datePublished\":\"2023-10-23T10:15:22+00:00\",\"dateModified\":\"2023-10-23T15:59:56+00:00\",\"description\":\"Com um design moderno e distintivo, a impressora t\u00e9rmica GIANT -100 , de tamanho reduzido. Suporte de impress\u00e3o de c\u00f3digos de barras, incluindo QR code.\",\"breadcrumb\":{\"@id\":\"https:\/\/visualbit.pt\/pt\/produto\/giant-100\/#breadcrumb\"},\"inLanguage\":\"pt-PT\",\"potentialAction\":[{\"@type\":\"ReadAction\",\"target\":[[\"https:\/\/visualbit.pt\/pt\/produto\/giant-100\/\"]]}]},{\"@type\":\"ImageObject\",\"inLanguage\":\"pt-PT\",\"@id\":\"https:\/\/visualbit.pt\/pt\/produto\/giant-100\/#primaryimage\",\"url\":\"https:\/\/visualbit.pt\/wp-content\/uploads\/2023\/10\/giant-5-imagens-site.png\",\"contentUrl\":\"https:\/\/visualbit.pt\/wp-content\/uploads\/2023\/10\/giant-5-imagens-site.png\",\"width\":398,\"height\":390,\"caption\":\"GIANT 100\"},{\"@type\":\"BreadcrumbList\",\"@id\":\"https:\/\/visualbit.pt\/pt\/produto\/giant-100\/#breadcrumb\",\"itemListElement\":[{\"@type\":\"ListItem\",\"position\":1,\"name\":\"In\u00edcio\",\"item\":\"https:\/\/visualbit.pt\/pt\/\"},{\"@type\":\"ListItem\",\"position\":2,\"name\":\"Loja\",\"item\":\"https:\/\/visualbit.pt\/pt\/loja\/\"},{\"@type\":\"ListItem\",\"position\":3,\"name\":\"GIANT 100\"}]},{\"@type\":\"WebSite\",\"@id\":\"https:\/\/visualbit.pt\/pt\/#website\",\"url\":\"https:\/\/visualbit.pt\/pt\/\",\"name\":\"Visualbit\",\"description\":\"Sistemas Inform&aacute;ticos\",\"publisher\":{\"@id\":\"https:\/\/visualbit.pt\/pt\/#organization\"},\"potentialAction\":[{\"@type\":\"SearchAction\",\"target\":{\"@type\":\"EntryPoint\",\"urlTemplate\":\"https:\/\/visualbit.pt\/pt\/?s={search_term_string}\"},\"query-input\":\"required name=search_term_string\"}],\"inLanguage\":\"pt-PT\"},{\"@type\":\"Organization\",\"@id\":\"https:\/\/visualbit.pt\/pt\/#organization\",\"name\":\"Visualbit\",\"url\":\"https:\/\/visualbit.pt\/pt\/\",\"logo\":{\"@type\":\"ImageObject\",\"inLanguage\":\"pt-PT\",\"@id\":\"https:\/\/visualbit.pt\/pt\/#\/schema\/logo\/image\/\",\"url\":\"https:\/\/visualbit.pt\/wp-content\/uploads\/2023\/10\/Logo-Visualbit.png\",\"contentUrl\":\"https:\/\/visualbit.pt\/wp-content\/uploads\/2023\/10\/Logo-Visualbit.png\",\"width\":1407,\"height\":630,\"caption\":\"Visualbit\"},\"image\":{\"@id\":\"https:\/\/visualbit.pt\/pt\/#\/schema\/logo\/image\/\"},\"sameAs\":[\"https:\/\/www.facebook.com\/visualbitlda\",\"https:\/\/twitter.com\/VisualbitLda\",\"https:\/\/pt.linkedin.com\/in\/renato-martins-48454b56\"]}]}<\/script>\n<!-- \/ Yoast SEO plugin. -->","yoast_head_json":{"title":"GIANT 100 - Visualbit","description":"Com um design moderno e distintivo, a impressora t\u00e9rmica GIANT -100 , de tamanho reduzido. Suporte de impress\u00e3o de c\u00f3digos de barras, incluindo QR code.","robots":{"index":"index","follow":"follow","max-snippet":"max-snippet:-1","max-image-preview":"max-image-preview:large","max-video-preview":"max-video-preview:-1"},"canonical":"https:\/\/visualbit.pt\/pt\/produto\/giant-100\/","og_locale":"pt_PT","og_type":"article","og_title":"GIANT 100 - Visualbit","og_description":"Com um design moderno e distintivo, a impressora t\u00e9rmica GIANT -100 , de tamanho reduzido. Suporte de impress\u00e3o de c\u00f3digos de barras, incluindo QR code.","og_url":"https:\/\/visualbit.pt\/pt\/produto\/giant-100\/","og_site_name":"Visualbit","article_publisher":"https:\/\/www.facebook.com\/visualbitlda","article_modified_time":"2023-10-23T15:59:56+00:00","og_image":[{"width":398,"height":390,"url":"https:\/\/visualbit.pt\/wp-content\/uploads\/2023\/10\/giant-5-imagens-site.png","type":"image\/png"}],"twitter_card":"summary_large_image","twitter_site":"@VisualbitLda","twitter_misc":{"Tempo estimado de leitura":"1 minuto"},"schema":{"@context":"https:\/\/schema.org","@graph":[{"@type":"WebPage","@id":"https:\/\/visualbit.pt\/pt\/produto\/giant-100\/","url":"https:\/\/visualbit.pt\/pt\/produto\/giant-100\/","name":"GIANT 100 - Visualbit","isPartOf":{"@id":"https:\/\/visualbit.pt\/pt\/#website"},"primaryImageOfPage":{"@id":"https:\/\/visualbit.pt\/pt\/produto\/giant-100\/#primaryimage"},"image":{"@id":"https:\/\/visualbit.pt\/produto\/giant-100\/#primaryimage"},"thumbnailUrl":"https:\/\/visualbit.pt\/wp-content\/uploads\/2023\/10\/giant-5-imagens-site.png","datePublished":"2023-10-23T10:15:22+00:00","dateModified":"2023-10-23T15:59:56+00:00","description":"Com um design moderno e distintivo, a impressora t\u00e9rmica GIANT -100 , de tamanho reduzido. Suporte de impress\u00e3o de c\u00f3digos de barras, incluindo QR code.","breadcrumb":{"@id":"https:\/\/visualbit.pt\/pt\/produto\/giant-100\/#breadcrumb"},"inLanguage":"pt-PT","potentialAction":[{"@type":"ReadAction","target":[["https:\/\/visualbit.pt\/pt\/produto\/giant-100\/"]]}]},{"@type":"ImageObject","inLanguage":"pt-PT","@id":"https:\/\/visualbit.pt\/pt\/produto\/giant-100\/#primaryimage","url":"https:\/\/visualbit.pt\/wp-content\/uploads\/2023\/10\/giant-5-imagens-site.png","contentUrl":"https:\/\/visualbit.pt\/wp-content\/uploads\/2023\/10\/giant-5-imagens-site.png","width":398,"height":390,"caption":"GIANT 100"},{"@type":"BreadcrumbList","@id":"https:\/\/visualbit.pt\/pt\/produto\/giant-100\/#breadcrumb","itemListElement":[{"@type":"ListItem","position":1,"name":"In\u00edcio","item":"https:\/\/visualbit.pt\/pt\/"},{"@type":"ListItem","position":2,"name":"Loja","item":"https:\/\/visualbit.pt\/pt\/loja\/"},{"@type":"ListItem","position":3,"name":"GIANT 100"}]},{"@type":"WebSite","@id":"https:\/\/visualbit.pt\/pt\/#website","url":"https:\/\/visualbit.pt\/pt\/","name":"Visualbit","description":"Sistemas Inform&aacute;ticos","publisher":{"@id":"https:\/\/visualbit.pt\/pt\/#organization"},"potentialAction":[{"@type":"SearchAction","target":{"@type":"EntryPoint","urlTemplate":"https:\/\/visualbit.pt\/pt\/?s={search_term_string}"},"query-input":"required name=search_term_string"}],"inLanguage":"pt-PT"},{"@type":"Organization","@id":"https:\/\/visualbit.pt\/pt\/#organization","name":"Visualbit","url":"https:\/\/visualbit.pt\/pt\/","logo":{"@type":"ImageObject","inLanguage":"pt-PT","@id":"https:\/\/visualbit.pt\/pt\/#\/schema\/logo\/image\/","url":"https:\/\/visualbit.pt\/wp-content\/uploads\/2023\/10\/Logo-Visualbit.png","contentUrl":"https:\/\/visualbit.pt\/wp-content\/uploads\/2023\/10\/Logo-Visualbit.png","width":1407,"height":630,"caption":"Visualbit"},"image":{"@id":"https:\/\/visualbit.pt\/pt\/#\/schema\/logo\/image\/"},"sameAs":["https:\/\/www.facebook.com\/visualbitlda","https:\/\/twitter.com\/VisualbitLda","https:\/\/pt.linkedin.com\/in\/renato-martins-48454b56"]}]}},"_links":{"self":[{"href":"https:\/\/visualbit.pt\/pt\/wp-json\/wp\/v2\/product\/7047","targetHints":{"allow":["GET"]}}],"collection":[{"href":"https:\/\/visualbit.pt\/pt\/wp-json\/wp\/v2\/product"}],"about":[{"href":"https:\/\/visualbit.pt\/pt\/wp-json\/wp\/v2\/types\/product"}],"wp:featuredmedia":[{"embeddable":true,"href":"https:\/\/visualbit.pt\/pt\/wp-json\/wp\/v2\/media\/7048"}],"wp:attachment":[{"href":"https:\/\/visualbit.pt\/pt\/wp-json\/wp\/v2\/media?parent=7047"}],"wp:term":[{"taxonomy":"product_cat","embeddable":true,"href":"https:\/\/visualbit.pt\/pt\/wp-json\/wp\/v2\/product_cat?post=7047"},{"taxonomy":"product_tag","embeddable":true,"href":"https:\/\/visualbit.pt\/pt\/wp-json\/wp\/v2\/product_tag?post=7047"}],"curies":[{"name":"wp","href":"https:\/\/api.w.org\/{rel}","templated":true}]}}